{"id":25248,"date":"2025-04-23T06:27:33","date_gmt":"2025-04-23T06:27:33","guid":{"rendered":"https:\/\/ledscreenfactory.com\/?page_id=25248"},"modified":"2025-12-24T07:18:59","modified_gmt":"2025-12-24T07:18:59","slug":"all-in-one-led-display","status":"publish","type":"page","link":"https:\/\/ledscreenfactory.com\/fr\/ecran-led-tout-en-un-2025\/","title":{"rendered":"\u00c9cran LED tout-en-un - 2025"},"content":{"rendered":"<p>Entretien facile et r\u00e9paration compl\u00e8te de l&#039;avant<\/p>\n<p>Gr\u00e2ce \u00e0 ces \u00e9crans, la r\u00e9paration ou le remplacement de la dalle devient un jeu d&#039;enfant. Que la maintenance soit effectu\u00e9e par l&#039;avant ou par l&#039;arri\u00e8re, chaque module LED se retire et se remplace facilement \u00e0 l&#039;aide de l&#039;outil magn\u00e9tique fourni, sans aucun c\u00e2blage, ce qui simplifie consid\u00e9rablement l&#039;op\u00e9ration. L&#039;ajout d&#039;une ventouse \u00e9lectrique optimise encore davantage la maintenance par l&#039;avant. Sans avoir \u00e0 d\u00e9placer l&#039;\u00e9cran entier, le module LED frontal rempla\u00e7able \u00e0 chaud permet de remplacer facilement toute pi\u00e8ce d\u00e9fectueuse. Avec ces outils, chacun peut effectuer les r\u00e9parations facilement, ce qui am\u00e9liore l&#039;efficacit\u00e9 et la praticit\u00e9 de la maintenance.<\/p>","protected":false},"excerpt":{"rendered":"<p>Maintenance simplifi\u00e9e et r\u00e9paration compl\u00e8te par l&#039;avant\u00a0: avec ces \u00e9crans, la r\u00e9paration ou le remplacement du panneau devient un jeu d&#039;enfant. Que la maintenance soit effectu\u00e9e par l&#039;avant ou par l&#039;arri\u00e8re, [\u2026]<\/p>","protected":false},"author":1,"featured_media":0,"parent":12835,"menu_order":0,"comment_status":"closed","ping_status":"closed","template":"product-category3.php","meta":{"_acf_changed":false,"om_disable_all_campaigns":false,"_uf_show_specific_survey":0,"_uf_disable_surveys":false,"site-sidebar-layout":"no-sidebar","site-content-layout":"page-builder","ast-site-content-layout":"full-width-container","site-content-style":"unboxed","site-sidebar-style":"unboxed","ast-global-header-display":"","ast-banner-title-visibility":"","ast-main-header-display":"","ast-hfb-above-header-display":"","ast-hfb-below-header-display":"","ast-hfb-mobile-header-display":"","site-post-title":"disabled","ast-breadcrumbs-content":"","ast-featured-img":"disabled","footer-sml-layout":"","ast-disable-related-posts":"","theme-transparent-header-meta":"default","adv-header-id-meta":"","stick-header-meta":"default","header-above-stick-meta":"","header-main-stick-meta":"","header-below-stick-meta":"","astra-migrate-meta-layouts":"set","ast-page-background-enabled":"default","ast-page-background-meta":{"desktop":{"background-color":"","background-image":"","background-repeat":"repeat","background-position":"center center","background-size":"auto","background-attachment":"scroll","background-type":"","background-media":"","overlay-type":"","overlay-color":"","overlay-opacity":"","overlay-gradient":""},"tablet":{"background-color":"","background-image":"","background-repeat":"repeat","background-position":"center center","background-size":"auto","background-attachment":"scroll","background-type":"","background-media":"","overlay-type":"","overlay-color":"","overlay-opacity":"","overlay-gradient":""},"mobile":{"background-color":"","background-image":"","background-repeat":"repeat","background-position":"center center","background-size":"auto","background-attachment":"scroll","background-type":"","background-media":"","overlay-type":"","overlay-color":"","overlay-opacity":"","overlay-gradient":""}},"ast-content-background-meta":{"desktop":{"background-color":"var(--ast-global-color-5)","background-image":"","background-repeat":"repeat","background-position":"center center","background-size":"auto","background-attachment":"scroll","background-type":"","background-media":"","overlay-type":"","overlay-color":"","overlay-opacity":"","overlay-gradient":""},"tablet":{"background-color":"var(--ast-global-color-5)","background-image":"","background-repeat":"repeat","background-position":"center center","background-size":"auto","background-attachment":"scroll","background-type":"","background-media":"","overlay-type":"","overlay-color":"","overlay-opacity":"","overlay-gradient":""},"mobile":{"background-color":"var(--ast-global-color-5)","background-image":"","background-repeat":"repeat","background-position":"center center","background-size":"auto","background-attachment":"scroll","background-type":"","background-media":"","overlay-type":"","overlay-color":"","overlay-opacity":"","overlay-gradient":""}},"footnotes":""},"class_list":["post-25248","page","type-page","status-publish","hentry"],"acf":[],"yoast_head":"<!-- This site is optimized with the Yoast SEO plugin v26.6 - https:\/\/yoast.com\/wordpress\/plugins\/seo\/ -->\n<title>Smart All-in-One LED Display for Modern Meeting Room\u20142026<\/title>\n<meta name=\"robots\" content=\"index, follow, max-snippet:-1, max-image-preview:large, max-video-preview:-1\" \/>\n<link rel=\"canonical\" href=\"https:\/\/ledscreenfactory.com\/fr\/ecran-led-tout-en-un-2025\/\" \/>\n<meta property=\"og:locale\" content=\"fr_FR\" \/>\n<meta property=\"og:type\" content=\"article\" \/>\n<meta property=\"og:title\" content=\"Smart All-in-One LED Display for Modern Meeting Room\u20142026\" \/>\n<meta property=\"og:description\" content=\"Easy maintenance and full front-end repair With these displays, panel repair or replacement becomes a breeze. Whether maintenance is performed from the front or back, [&hellip;]\" \/>\n<meta property=\"og:url\" content=\"https:\/\/ledscreenfactory.com\/fr\/ecran-led-tout-en-un-2025\/\" \/>\n<meta property=\"og:site_name\" content=\"LEGIDATECH\" \/>\n<meta property=\"article:modified_time\" content=\"2025-12-24T07:18:59+00:00\" \/>\n<meta name=\"twitter:card\" content=\"summary_large_image\" \/>\n<meta name=\"twitter:label1\" content=\"Dur\u00e9e de lecture estim\u00e9e\" \/>\n\t<meta name=\"twitter:data1\" content=\"1 minute\" \/>\n<script type=\"application\/ld+json\" class=\"yoast-schema-graph\">{\"@context\":\"https:\/\/schema.org\",\"@graph\":[{\"@type\":\"WebPage\",\"@id\":\"https:\/\/ledscreenfactory.com\/all-in-one-led-display-2025\/\",\"url\":\"https:\/\/ledscreenfactory.com\/all-in-one-led-display-2025\/\",\"name\":\"Smart All-in-One LED Display for Modern Meeting Room\u20142026\",\"isPartOf\":{\"@id\":\"https:\/\/ledscreenfactory.com\/es\/#website\"},\"datePublished\":\"2025-04-23T06:27:33+00:00\",\"dateModified\":\"2025-12-24T07:18:59+00:00\",\"breadcrumb\":{\"@id\":\"https:\/\/ledscreenfactory.com\/all-in-one-led-display-2025\/#breadcrumb\"},\"inLanguage\":\"fr-FR\",\"potentialAction\":[{\"@type\":\"ReadAction\",\"target\":[\"https:\/\/ledscreenfactory.com\/all-in-one-led-display-2025\/\"]}]},{\"@type\":\"BreadcrumbList\",\"@id\":\"https:\/\/ledscreenfactory.com\/all-in-one-led-display-2025\/#breadcrumb\",\"itemListElement\":[{\"@type\":\"ListItem\",\"position\":1,\"name\":\"Home\",\"item\":\"https:\/\/ledscreenfactory.com\/\"},{\"@type\":\"ListItem\",\"position\":2,\"name\":\"Products\",\"item\":\"https:\/\/ledscreenfactory.com\/de\/products\/\"},{\"@type\":\"ListItem\",\"position\":3,\"name\":\"Indoor LED Screen\",\"item\":\"https:\/\/ledscreenfactory.com\/indoor-led-screen\/\"},{\"@type\":\"ListItem\",\"position\":4,\"name\":\"Indoor LED Screens for Fixed\",\"item\":\"https:\/\/ledscreenfactory.com\/indoor-led-screens\/\"},{\"@type\":\"ListItem\",\"position\":5,\"name\":\"All-in-One LED Display-2025\"}]},{\"@type\":\"WebSite\",\"@id\":\"https:\/\/ledscreenfactory.com\/es\/#website\",\"url\":\"https:\/\/ledscreenfactory.com\/es\/\",\"name\":\"LEGIDATECH\",\"description\":\"\",\"publisher\":{\"@id\":\"https:\/\/ledscreenfactory.com\/es\/#organization\"},\"potentialAction\":[{\"@type\":\"SearchAction\",\"target\":{\"@type\":\"EntryPoint\",\"urlTemplate\":\"https:\/\/ledscreenfactory.com\/es\/?s={search_term_string}\"},\"query-input\":{\"@type\":\"PropertyValueSpecification\",\"valueRequired\":true,\"valueName\":\"search_term_string\"}}],\"inLanguage\":\"fr-FR\"},{\"@type\":\"Organization\",\"@id\":\"https:\/\/ledscreenfactory.com\/es\/#organization\",\"name\":\"LEGIDATECH\",\"url\":\"https:\/\/ledscreenfactory.com\/es\/\",\"logo\":{\"@type\":\"ImageObject\",\"inLanguage\":\"fr-FR\",\"@id\":\"https:\/\/ledscreenfactory.com\/es\/#\/schema\/logo\/image\/\",\"url\":\"https:\/\/ledscreenfactory.com\/wp-content\/uploads\/2023\/08\/cropped-legidatech--scaled.png\",\"contentUrl\":\"https:\/\/ledscreenfactory.com\/wp-content\/uploads\/2023\/08\/cropped-legidatech--scaled.png\",\"width\":2560,\"height\":551,\"caption\":\"LEGIDATECH\"},\"image\":{\"@id\":\"https:\/\/ledscreenfactory.com\/es\/#\/schema\/logo\/image\/\"}}]}<\/script>\n<!-- \/ Yoast SEO plugin. -->","yoast_head_json":{"title":"\u00c9cran LED tout-en-un intelligent pour salles de r\u00e9union modernes \u2013 2026","robots":{"index":"index","follow":"follow","max-snippet":"max-snippet:-1","max-image-preview":"max-image-preview:large","max-video-preview":"max-video-preview:-1"},"canonical":"https:\/\/ledscreenfactory.com\/fr\/ecran-led-tout-en-un-2025\/","og_locale":"fr_FR","og_type":"article","og_title":"Smart All-in-One LED Display for Modern Meeting Room\u20142026","og_description":"Easy maintenance and full front-end repair With these displays, panel repair or replacement becomes a breeze. Whether maintenance is performed from the front or back, [&hellip;]","og_url":"https:\/\/ledscreenfactory.com\/fr\/ecran-led-tout-en-un-2025\/","og_site_name":"LEGIDATECH","article_modified_time":"2025-12-24T07:18:59+00:00","twitter_card":"summary_large_image","twitter_misc":{"Dur\u00e9e de lecture estim\u00e9e":"1 minute"},"schema":{"@context":"https:\/\/schema.org","@graph":[{"@type":"WebPage","@id":"https:\/\/ledscreenfactory.com\/all-in-one-led-display-2025\/","url":"https:\/\/ledscreenfactory.com\/all-in-one-led-display-2025\/","name":"\u00c9cran LED tout-en-un intelligent pour salles de r\u00e9union modernes \u2013 2026","isPartOf":{"@id":"https:\/\/ledscreenfactory.com\/es\/#website"},"datePublished":"2025-04-23T06:27:33+00:00","dateModified":"2025-12-24T07:18:59+00:00","breadcrumb":{"@id":"https:\/\/ledscreenfactory.com\/all-in-one-led-display-2025\/#breadcrumb"},"inLanguage":"fr-FR","potentialAction":[{"@type":"ReadAction","target":["https:\/\/ledscreenfactory.com\/all-in-one-led-display-2025\/"]}]},{"@type":"BreadcrumbList","@id":"https:\/\/ledscreenfactory.com\/all-in-one-led-display-2025\/#breadcrumb","itemListElement":[{"@type":"ListItem","position":1,"name":"Home","item":"https:\/\/ledscreenfactory.com\/"},{"@type":"ListItem","position":2,"name":"Products","item":"https:\/\/ledscreenfactory.com\/de\/products\/"},{"@type":"ListItem","position":3,"name":"Indoor LED Screen","item":"https:\/\/ledscreenfactory.com\/indoor-led-screen\/"},{"@type":"ListItem","position":4,"name":"Indoor LED Screens for Fixed","item":"https:\/\/ledscreenfactory.com\/indoor-led-screens\/"},{"@type":"ListItem","position":5,"name":"All-in-One LED Display-2025"}]},{"@type":"WebSite","@id":"https:\/\/ledscreenfactory.com\/es\/#website","url":"https:\/\/ledscreenfactory.com\/es\/","name":"LEGIDATECH","description":"","publisher":{"@id":"https:\/\/ledscreenfactory.com\/es\/#organization"},"potentialAction":[{"@type":"SearchAction","target":{"@type":"EntryPoint","urlTemplate":"https:\/\/ledscreenfactory.com\/es\/?s={search_term_string}"},"query-input":{"@type":"PropertyValueSpecification","valueRequired":true,"valueName":"search_term_string"}}],"inLanguage":"fr-FR"},{"@type":"Organization","@id":"https:\/\/ledscreenfactory.com\/es\/#organization","name":"LEGIDATECH","url":"https:\/\/ledscreenfactory.com\/es\/","logo":{"@type":"ImageObject","inLanguage":"fr-FR","@id":"https:\/\/ledscreenfactory.com\/es\/#\/schema\/logo\/image\/","url":"https:\/\/ledscreenfactory.com\/wp-content\/uploads\/2023\/08\/cropped-legidatech--scaled.png","contentUrl":"https:\/\/ledscreenfactory.com\/wp-content\/uploads\/2023\/08\/cropped-legidatech--scaled.png","width":2560,"height":551,"caption":"LEGIDATECH"},"image":{"@id":"https:\/\/ledscreenfactory.com\/es\/#\/schema\/logo\/image\/"}}]}},"_links":{"self":[{"href":"https:\/\/ledscreenfactory.com\/fr\/wp-json\/wp\/v2\/pages\/25248","targetHints":{"allow":["GET"]}}],"collection":[{"href":"https:\/\/ledscreenfactory.com\/fr\/wp-json\/wp\/v2\/pages"}],"about":[{"href":"https:\/\/ledscreenfactory.com\/fr\/wp-json\/wp\/v2\/types\/page"}],"author":[{"embeddable":true,"href":"https:\/\/ledscreenfactory.com\/fr\/wp-json\/wp\/v2\/users\/1"}],"replies":[{"embeddable":true,"href":"https:\/\/ledscreenfactory.com\/fr\/wp-json\/wp\/v2\/comments?post=25248"}],"version-history":[{"count":37,"href":"https:\/\/ledscreenfactory.com\/fr\/wp-json\/wp\/v2\/pages\/25248\/revisions"}],"predecessor-version":[{"id":27956,"href":"https:\/\/ledscreenfactory.com\/fr\/wp-json\/wp\/v2\/pages\/25248\/revisions\/27956"}],"up":[{"embeddable":true,"href":"https:\/\/ledscreenfactory.com\/fr\/wp-json\/wp\/v2\/pages\/12835"}],"wp:attachment":[{"href":"https:\/\/ledscreenfactory.com\/fr\/wp-json\/wp\/v2\/media?parent=25248"}],"curies":[{"name":"wp","href":"https:\/\/api.w.org\/{rel}","templated":true}]}}