{"id":23548,"date":"2024-12-14T13:58:14","date_gmt":"2024-12-14T13:58:14","guid":{"rendered":"https:\/\/ledscreenfactory.com\/?page_id=23548"},"modified":"2025-11-27T07:11:08","modified_gmt":"2025-11-27T07:11:08","slug":"classement-ultime-des-35-principaux-fournisseurs-decrans-led-au-chili","status":"publish","type":"page","link":"https:\/\/ledscreenfactory.com\/fr\/classement-ultime-des-35-principaux-fournisseurs-decrans-led-au-chili","title":{"rendered":"Les 35 principaux fournisseurs d&#039;\u00e9crans LED au Chili - Classement final"},"content":{"rendered":"<p>&nbsp;<\/p>\n<div style=\"all: initial !important;\"><\/div>","protected":false},"excerpt":{"rendered":"<p>&nbsp;<\/p>","protected":false},"author":1,"featured_media":0,"parent":27407,"menu_order":0,"comment_status":"closed","ping_status":"closed","template":"product-category3.php","meta":{"_acf_changed":false,"om_disable_all_campaigns":false,"_uf_show_specific_survey":0,"_uf_disable_surveys":false,"site-sidebar-layout":"default","site-content-layout":"page-builder","ast-site-content-layout":"full-width-container","site-content-style":"default","site-sidebar-style":"default","ast-global-header-display":"","ast-banner-title-visibility":"","ast-main-header-display":"","ast-hfb-above-header-display":"","ast-hfb-below-header-display":"","ast-hfb-mobile-header-display":"","site-post-title":"disabled","ast-breadcrumbs-content":"","ast-featured-img":"disabled","footer-sml-layout":"","ast-disable-related-posts":"","theme-transparent-header-meta":"default","adv-header-id-meta":"","stick-header-meta":"default","header-above-stick-meta":"","header-main-stick-meta":"","header-below-stick-meta":"","astra-migrate-meta-layouts":"set","ast-page-background-enabled":"default","ast-page-background-meta":{"desktop":{"background-color":"","background-image":"","background-repeat":"repeat","background-position":"center center","background-size":"auto","background-attachment":"scroll","background-type":"","background-media":"","overlay-type":"","overlay-color":"","overlay-opacity":"","overlay-gradient":""},"tablet":{"background-color":"","background-image":"","background-repeat":"repeat","background-position":"center center","background-size":"auto","background-attachment":"scroll","background-type":"","background-media":"","overlay-type":"","overlay-color":"","overlay-opacity":"","overlay-gradient":""},"mobile":{"background-color":"","background-image":"","background-repeat":"repeat","background-position":"center center","background-size":"auto","background-attachment":"scroll","background-type":"","background-media":"","overlay-type":"","overlay-color":"","overlay-opacity":"","overlay-gradient":""}},"ast-content-background-meta":{"desktop":{"background-color":"var(--ast-global-color-5)","background-image":"","background-repeat":"repeat","background-position":"center center","background-size":"auto","background-attachment":"scroll","background-type":"","background-media":"","overlay-type":"","overlay-color":"","overlay-opacity":"","overlay-gradient":""},"tablet":{"background-color":"var(--ast-global-color-5)","background-image":"","background-repeat":"repeat","background-position":"center center","background-size":"auto","background-attachment":"scroll","background-type":"","background-media":"","overlay-type":"","overlay-color":"","overlay-opacity":"","overlay-gradient":""},"mobile":{"background-color":"var(--ast-global-color-5)","background-image":"","background-repeat":"repeat","background-position":"center center","background-size":"auto","background-attachment":"scroll","background-type":"","background-media":"","overlay-type":"","overlay-color":"","overlay-opacity":"","overlay-gradient":""}},"footnotes":""},"class_list":["post-23548","page","type-page","status-publish","hentry"],"acf":[],"yoast_head":"<!-- This site is optimized with the Yoast SEO plugin v26.6 - https:\/\/yoast.com\/wordpress\/plugins\/seo\/ -->\n<title>Top 35 latest LED Display Suppliers in Chile-Ultimate Ranking<\/title>\n<meta name=\"description\" content=\"Looking for a reliable LED screen supplier in chile? Discover our top-quality LED screens in Chile for all your display needs.\" \/>\n<meta name=\"robots\" content=\"index, follow, max-snippet:-1, max-image-preview:large, max-video-preview:-1\" \/>\n<link rel=\"canonical\" href=\"https:\/\/ledscreenfactory.com\/fr\/classement-ultime-des-35-principaux-fournisseurs-decrans-led-au-chili\/\" \/>\n<meta property=\"og:locale\" content=\"fr_FR\" \/>\n<meta property=\"og:type\" content=\"article\" \/>\n<meta property=\"og:title\" content=\"Top 35 latest LED Display Suppliers in Chile-Ultimate Ranking\" \/>\n<meta property=\"og:description\" content=\"Looking for a reliable LED screen supplier in chile? Discover our top-quality LED screens in Chile for all your display needs.\" \/>\n<meta property=\"og:url\" content=\"https:\/\/ledscreenfactory.com\/fr\/classement-ultime-des-35-principaux-fournisseurs-decrans-led-au-chili\/\" \/>\n<meta property=\"og:site_name\" content=\"LEGIDATECH\" \/>\n<meta property=\"article:modified_time\" content=\"2025-11-27T07:11:08+00:00\" \/>\n<meta name=\"twitter:card\" content=\"summary_large_image\" \/>\n<script type=\"application\/ld+json\" class=\"yoast-schema-graph\">{\"@context\":\"https:\/\/schema.org\",\"@graph\":[{\"@type\":\"WebPage\",\"@id\":\"https:\/\/ledscreenfactory.com\/top-35-latest-led-display-suppliers-in-chile-ultimate-ranking\/\",\"url\":\"https:\/\/ledscreenfactory.com\/top-35-latest-led-display-suppliers-in-chile-ultimate-ranking\/\",\"name\":\"Top 35 latest LED Display Suppliers in Chile-Ultimate Ranking\",\"isPartOf\":{\"@id\":\"https:\/\/ledscreenfactory.com\/es\/#website\"},\"datePublished\":\"2024-12-14T13:58:14+00:00\",\"dateModified\":\"2025-11-27T07:11:08+00:00\",\"description\":\"Looking for a reliable LED screen supplier in chile? Discover our top-quality LED screens in Chile for all your display needs.\",\"breadcrumb\":{\"@id\":\"https:\/\/ledscreenfactory.com\/top-35-latest-led-display-suppliers-in-chile-ultimate-ranking\/#breadcrumb\"},\"inLanguage\":\"fr-FR\",\"potentialAction\":[{\"@type\":\"ReadAction\",\"target\":[\"https:\/\/ledscreenfactory.com\/top-35-latest-led-display-suppliers-in-chile-ultimate-ranking\/\"]}]},{\"@type\":\"BreadcrumbList\",\"@id\":\"https:\/\/ledscreenfactory.com\/top-35-latest-led-display-suppliers-in-chile-ultimate-ranking\/#breadcrumb\",\"itemListElement\":[{\"@type\":\"ListItem\",\"position\":1,\"name\":\"Home\",\"item\":\"https:\/\/ledscreenfactory.com\/\"},{\"@type\":\"ListItem\",\"position\":2,\"name\":\"Top LED Screen Suppliers\",\"item\":\"https:\/\/ledscreenfactory.com\/top-led-screen-suppliers-in-the-world\/\"},{\"@type\":\"ListItem\",\"position\":3,\"name\":\"Top 35 latest LED Display Suppliers in Chile-Ultimate Ranking\"}]},{\"@type\":\"WebSite\",\"@id\":\"https:\/\/ledscreenfactory.com\/es\/#website\",\"url\":\"https:\/\/ledscreenfactory.com\/es\/\",\"name\":\"LEGIDATECH\",\"description\":\"\",\"publisher\":{\"@id\":\"https:\/\/ledscreenfactory.com\/es\/#organization\"},\"potentialAction\":[{\"@type\":\"SearchAction\",\"target\":{\"@type\":\"EntryPoint\",\"urlTemplate\":\"https:\/\/ledscreenfactory.com\/es\/?s={search_term_string}\"},\"query-input\":{\"@type\":\"PropertyValueSpecification\",\"valueRequired\":true,\"valueName\":\"search_term_string\"}}],\"inLanguage\":\"fr-FR\"},{\"@type\":\"Organization\",\"@id\":\"https:\/\/ledscreenfactory.com\/es\/#organization\",\"name\":\"LEGIDATECH\",\"url\":\"https:\/\/ledscreenfactory.com\/es\/\",\"logo\":{\"@type\":\"ImageObject\",\"inLanguage\":\"fr-FR\",\"@id\":\"https:\/\/ledscreenfactory.com\/es\/#\/schema\/logo\/image\/\",\"url\":\"https:\/\/ledscreenfactory.com\/wp-content\/uploads\/2023\/08\/cropped-legidatech--scaled.png\",\"contentUrl\":\"https:\/\/ledscreenfactory.com\/wp-content\/uploads\/2023\/08\/cropped-legidatech--scaled.png\",\"width\":2560,\"height\":551,\"caption\":\"LEGIDATECH\"},\"image\":{\"@id\":\"https:\/\/ledscreenfactory.com\/es\/#\/schema\/logo\/image\/\"}}]}<\/script>\n<!-- \/ Yoast SEO plugin. -->","yoast_head_json":{"title":"Les 35 principaux fournisseurs d&#039;\u00e9crans LED au Chili - Classement final","description":"Vous recherchez un fournisseur d&#039;\u00e9crans LED fiable au Chili\u00a0? D\u00e9couvrez nos \u00e9crans LED de haute qualit\u00e9 au Chili pour tous vos besoins d&#039;affichage.","robots":{"index":"index","follow":"follow","max-snippet":"max-snippet:-1","max-image-preview":"max-image-preview:large","max-video-preview":"max-video-preview:-1"},"canonical":"https:\/\/ledscreenfactory.com\/fr\/classement-ultime-des-35-principaux-fournisseurs-decrans-led-au-chili\/","og_locale":"fr_FR","og_type":"article","og_title":"Top 35 latest LED Display Suppliers in Chile-Ultimate Ranking","og_description":"Looking for a reliable LED screen supplier in chile? Discover our top-quality LED screens in Chile for all your display needs.","og_url":"https:\/\/ledscreenfactory.com\/fr\/classement-ultime-des-35-principaux-fournisseurs-decrans-led-au-chili\/","og_site_name":"LEGIDATECH","article_modified_time":"2025-11-27T07:11:08+00:00","twitter_card":"summary_large_image","schema":{"@context":"https:\/\/schema.org","@graph":[{"@type":"WebPage","@id":"https:\/\/ledscreenfactory.com\/top-35-latest-led-display-suppliers-in-chile-ultimate-ranking\/","url":"https:\/\/ledscreenfactory.com\/top-35-latest-led-display-suppliers-in-chile-ultimate-ranking\/","name":"Les 35 principaux fournisseurs d&#039;\u00e9crans LED au Chili - Classement final","isPartOf":{"@id":"https:\/\/ledscreenfactory.com\/es\/#website"},"datePublished":"2024-12-14T13:58:14+00:00","dateModified":"2025-11-27T07:11:08+00:00","description":"Vous recherchez un fournisseur d&#039;\u00e9crans LED fiable au Chili\u00a0? D\u00e9couvrez nos \u00e9crans LED de haute qualit\u00e9 au Chili pour tous vos besoins d&#039;affichage.","breadcrumb":{"@id":"https:\/\/ledscreenfactory.com\/top-35-latest-led-display-suppliers-in-chile-ultimate-ranking\/#breadcrumb"},"inLanguage":"fr-FR","potentialAction":[{"@type":"ReadAction","target":["https:\/\/ledscreenfactory.com\/top-35-latest-led-display-suppliers-in-chile-ultimate-ranking\/"]}]},{"@type":"BreadcrumbList","@id":"https:\/\/ledscreenfactory.com\/top-35-latest-led-display-suppliers-in-chile-ultimate-ranking\/#breadcrumb","itemListElement":[{"@type":"ListItem","position":1,"name":"Home","item":"https:\/\/ledscreenfactory.com\/"},{"@type":"ListItem","position":2,"name":"Top LED Screen Suppliers","item":"https:\/\/ledscreenfactory.com\/top-led-screen-suppliers-in-the-world\/"},{"@type":"ListItem","position":3,"name":"Top 35 latest LED Display Suppliers in Chile-Ultimate Ranking"}]},{"@type":"WebSite","@id":"https:\/\/ledscreenfactory.com\/es\/#website","url":"https:\/\/ledscreenfactory.com\/es\/","name":"LEGIDATECH","description":"","publisher":{"@id":"https:\/\/ledscreenfactory.com\/es\/#organization"},"potentialAction":[{"@type":"SearchAction","target":{"@type":"EntryPoint","urlTemplate":"https:\/\/ledscreenfactory.com\/es\/?s={search_term_string}"},"query-input":{"@type":"PropertyValueSpecification","valueRequired":true,"valueName":"search_term_string"}}],"inLanguage":"fr-FR"},{"@type":"Organization","@id":"https:\/\/ledscreenfactory.com\/es\/#organization","name":"LEGIDATECH","url":"https:\/\/ledscreenfactory.com\/es\/","logo":{"@type":"ImageObject","inLanguage":"fr-FR","@id":"https:\/\/ledscreenfactory.com\/es\/#\/schema\/logo\/image\/","url":"https:\/\/ledscreenfactory.com\/wp-content\/uploads\/2023\/08\/cropped-legidatech--scaled.png","contentUrl":"https:\/\/ledscreenfactory.com\/wp-content\/uploads\/2023\/08\/cropped-legidatech--scaled.png","width":2560,"height":551,"caption":"LEGIDATECH"},"image":{"@id":"https:\/\/ledscreenfactory.com\/es\/#\/schema\/logo\/image\/"}}]}},"_links":{"self":[{"href":"https:\/\/ledscreenfactory.com\/fr\/wp-json\/wp\/v2\/pages\/23548","targetHints":{"allow":["GET"]}}],"collection":[{"href":"https:\/\/ledscreenfactory.com\/fr\/wp-json\/wp\/v2\/pages"}],"about":[{"href":"https:\/\/ledscreenfactory.com\/fr\/wp-json\/wp\/v2\/types\/page"}],"author":[{"embeddable":true,"href":"https:\/\/ledscreenfactory.com\/fr\/wp-json\/wp\/v2\/users\/1"}],"replies":[{"embeddable":true,"href":"https:\/\/ledscreenfactory.com\/fr\/wp-json\/wp\/v2\/comments?post=23548"}],"version-history":[{"count":26,"href":"https:\/\/ledscreenfactory.com\/fr\/wp-json\/wp\/v2\/pages\/23548\/revisions"}],"predecessor-version":[{"id":27474,"href":"https:\/\/ledscreenfactory.com\/fr\/wp-json\/wp\/v2\/pages\/23548\/revisions\/27474"}],"up":[{"embeddable":true,"href":"https:\/\/ledscreenfactory.com\/fr\/wp-json\/wp\/v2\/pages\/27407"}],"wp:attachment":[{"href":"https:\/\/ledscreenfactory.com\/fr\/wp-json\/wp\/v2\/media?parent=23548"}],"curies":[{"name":"wp","href":"https:\/\/api.w.org\/{rel}","templated":true}]}}