{"id":23182,"date":"2024-12-03T08:07:03","date_gmt":"2024-12-03T08:07:03","guid":{"rendered":"https:\/\/ledscreenfactory.com\/?page_id=23182"},"modified":"2026-03-11T09:20:04","modified_gmt":"2026-03-11T09:20:04","slug":"ecran-led-exterieur","status":"publish","type":"page","link":"https:\/\/ledscreenfactory.com\/fr\/ecran-led-exterieur\/","title":{"rendered":"\u00c9cran LED ext\u00e9rieur"},"content":{"rendered":"<p>&nbsp;<\/p>\n<div style=\"all: initial !important;\"><\/div>\n<div style=\"all: initial !important;\"><\/div>","protected":false},"excerpt":{"rendered":"<p>&nbsp;<\/p>","protected":false},"author":1,"featured_media":0,"parent":19334,"menu_order":0,"comment_status":"closed","ping_status":"closed","template":"product-category3.php","meta":{"_acf_changed":false,"om_disable_all_campaigns":false,"_uf_show_specific_survey":0,"_uf_disable_surveys":false,"site-sidebar-layout":"default","site-content-layout":"","ast-site-content-layout":"full-width-container","site-content-style":"default","site-sidebar-style":"default","ast-global-header-display":"","ast-banner-title-visibility":"","ast-main-header-display":"","ast-hfb-above-header-display":"","ast-hfb-below-header-display":"","ast-hfb-mobile-header-display":"","site-post-title":"","ast-breadcrumbs-content":"","ast-featured-img":"","footer-sml-layout":"","ast-disable-related-posts":"","theme-transparent-header-meta":"default","adv-header-id-meta":"","stick-header-meta":"default","header-above-stick-meta":"","header-main-stick-meta":"","header-below-stick-meta":"","astra-migrate-meta-layouts":"set","ast-page-background-enabled":"default","ast-page-background-meta":{"desktop":{"background-color":"","background-image":"","background-repeat":"repeat","background-position":"center center","background-size":"auto","background-attachment":"scroll","background-type":"","background-media":"","overlay-type":"","overlay-color":"","overlay-opacity":"","overlay-gradient":""},"tablet":{"background-color":"","background-image":"","background-repeat":"repeat","background-position":"center center","background-size":"auto","background-attachment":"scroll","background-type":"","background-media":"","overlay-type":"","overlay-color":"","overlay-opacity":"","overlay-gradient":""},"mobile":{"background-color":"","background-image":"","background-repeat":"repeat","background-position":"center center","background-size":"auto","background-attachment":"scroll","background-type":"","background-media":"","overlay-type":"","overlay-color":"","overlay-opacity":"","overlay-gradient":""}},"ast-content-background-meta":{"desktop":{"background-color":"var(--ast-global-color-5)","background-image":"","background-repeat":"repeat","background-position":"center center","background-size":"auto","background-attachment":"scroll","background-type":"","background-media":"","overlay-type":"","overlay-color":"","overlay-opacity":"","overlay-gradient":""},"tablet":{"background-color":"var(--ast-global-color-5)","background-image":"","background-repeat":"repeat","background-position":"center center","background-size":"auto","background-attachment":"scroll","background-type":"","background-media":"","overlay-type":"","overlay-color":"","overlay-opacity":"","overlay-gradient":""},"mobile":{"background-color":"var(--ast-global-color-5)","background-image":"","background-repeat":"repeat","background-position":"center center","background-size":"auto","background-attachment":"scroll","background-type":"","background-media":"","overlay-type":"","overlay-color":"","overlay-opacity":"","overlay-gradient":""}},"footnotes":""},"class_list":["post-23182","page","type-page","status-publish","hentry"],"acf":[],"yoast_head":"<!-- This site is optimized with the Yoast SEO plugin v26.6 - https:\/\/yoast.com\/wordpress\/plugins\/seo\/ -->\n<title>Outdoor LED Display Solutions: Advertising &amp; Events-China Factory<\/title>\n<meta name=\"description\" content=\"Explore the benefits of outdoor LED display. Enhance your advertising or event with high-quality and vibrant LED screens.\" \/>\n<meta name=\"robots\" content=\"index, follow, max-snippet:-1, max-image-preview:large, max-video-preview:-1\" \/>\n<link rel=\"canonical\" href=\"https:\/\/ledscreenfactory.com\/fr\/ecran-led-exterieur\/\" \/>\n<meta property=\"og:locale\" content=\"fr_FR\" \/>\n<meta property=\"og:type\" content=\"article\" \/>\n<meta property=\"og:title\" content=\"Outdoor LED Display Solutions: Advertising &amp; Events-China Factory\" \/>\n<meta property=\"og:description\" content=\"Explore the benefits of outdoor LED display. Enhance your advertising or event with high-quality and vibrant LED screens.\" \/>\n<meta property=\"og:url\" content=\"https:\/\/ledscreenfactory.com\/fr\/ecran-led-exterieur\/\" \/>\n<meta property=\"og:site_name\" content=\"LEGIDATECH\" \/>\n<meta property=\"article:modified_time\" content=\"2026-03-11T09:20:04+00:00\" \/>\n<meta name=\"twitter:card\" content=\"summary_large_image\" \/>\n<script type=\"application\/ld+json\" class=\"yoast-schema-graph\">{\"@context\":\"https:\/\/schema.org\",\"@graph\":[{\"@type\":\"WebPage\",\"@id\":\"https:\/\/ledscreenfactory.com\/outdoor-led-display\/\",\"url\":\"https:\/\/ledscreenfactory.com\/outdoor-led-display\/\",\"name\":\"Outdoor LED Display Solutions: Advertising & Events-China Factory\",\"isPartOf\":{\"@id\":\"https:\/\/ledscreenfactory.com\/es\/#website\"},\"datePublished\":\"2024-12-03T08:07:03+00:00\",\"dateModified\":\"2026-03-11T09:20:04+00:00\",\"description\":\"Explore the benefits of outdoor LED display. Enhance your advertising or event with high-quality and vibrant LED screens.\",\"breadcrumb\":{\"@id\":\"https:\/\/ledscreenfactory.com\/outdoor-led-display\/#breadcrumb\"},\"inLanguage\":\"fr-FR\",\"potentialAction\":[{\"@type\":\"ReadAction\",\"target\":[\"https:\/\/ledscreenfactory.com\/outdoor-led-display\/\"]}]},{\"@type\":\"BreadcrumbList\",\"@id\":\"https:\/\/ledscreenfactory.com\/outdoor-led-display\/#breadcrumb\",\"itemListElement\":[{\"@type\":\"ListItem\",\"position\":1,\"name\":\"Home\",\"item\":\"https:\/\/ledscreenfactory.com\/\"},{\"@type\":\"ListItem\",\"position\":2,\"name\":\"Products\",\"item\":\"https:\/\/ledscreenfactory.com\/de\/products\/\"},{\"@type\":\"ListItem\",\"position\":3,\"name\":\"Outdoor Commercial LED Screen\",\"item\":\"https:\/\/ledscreenfactory.com\/outdoor-digital-sign\/\"},{\"@type\":\"ListItem\",\"position\":4,\"name\":\"Outdoor LED Display\"}]},{\"@type\":\"WebSite\",\"@id\":\"https:\/\/ledscreenfactory.com\/es\/#website\",\"url\":\"https:\/\/ledscreenfactory.com\/es\/\",\"name\":\"LEGIDATECH\",\"description\":\"\",\"publisher\":{\"@id\":\"https:\/\/ledscreenfactory.com\/es\/#organization\"},\"potentialAction\":[{\"@type\":\"SearchAction\",\"target\":{\"@type\":\"EntryPoint\",\"urlTemplate\":\"https:\/\/ledscreenfactory.com\/es\/?s={search_term_string}\"},\"query-input\":{\"@type\":\"PropertyValueSpecification\",\"valueRequired\":true,\"valueName\":\"search_term_string\"}}],\"inLanguage\":\"fr-FR\"},{\"@type\":\"Organization\",\"@id\":\"https:\/\/ledscreenfactory.com\/es\/#organization\",\"name\":\"LEGIDATECH\",\"url\":\"https:\/\/ledscreenfactory.com\/es\/\",\"logo\":{\"@type\":\"ImageObject\",\"inLanguage\":\"fr-FR\",\"@id\":\"https:\/\/ledscreenfactory.com\/es\/#\/schema\/logo\/image\/\",\"url\":\"https:\/\/ledscreenfactory.com\/wp-content\/uploads\/2023\/08\/cropped-legidatech--scaled.png\",\"contentUrl\":\"https:\/\/ledscreenfactory.com\/wp-content\/uploads\/2023\/08\/cropped-legidatech--scaled.png\",\"width\":2560,\"height\":551,\"caption\":\"LEGIDATECH\"},\"image\":{\"@id\":\"https:\/\/ledscreenfactory.com\/es\/#\/schema\/logo\/image\/\"}}]}<\/script>\n<!-- \/ Yoast SEO plugin. -->","yoast_head_json":{"title":"Solutions d&#039;affichage LED ext\u00e9rieur : Publicit\u00e9 et \u00e9v\u00e9nements - Usine en Chine","description":"D\u00e9couvrez les avantages de l&#039;affichage LED ext\u00e9rieur. Am\u00e9liorez votre publicit\u00e9 ou votre \u00e9v\u00e9nement gr\u00e2ce \u00e0 des \u00e9crans LED haute qualit\u00e9 et aux couleurs \u00e9clatantes.","robots":{"index":"index","follow":"follow","max-snippet":"max-snippet:-1","max-image-preview":"max-image-preview:large","max-video-preview":"max-video-preview:-1"},"canonical":"https:\/\/ledscreenfactory.com\/fr\/ecran-led-exterieur\/","og_locale":"fr_FR","og_type":"article","og_title":"Outdoor LED Display Solutions: Advertising & Events-China Factory","og_description":"Explore the benefits of outdoor LED display. Enhance your advertising or event with high-quality and vibrant LED screens.","og_url":"https:\/\/ledscreenfactory.com\/fr\/ecran-led-exterieur\/","og_site_name":"LEGIDATECH","article_modified_time":"2026-03-11T09:20:04+00:00","twitter_card":"summary_large_image","schema":{"@context":"https:\/\/schema.org","@graph":[{"@type":"WebPage","@id":"https:\/\/ledscreenfactory.com\/outdoor-led-display\/","url":"https:\/\/ledscreenfactory.com\/outdoor-led-display\/","name":"Solutions d&#039;affichage LED ext\u00e9rieur : Publicit\u00e9 et \u00e9v\u00e9nements - Usine en Chine","isPartOf":{"@id":"https:\/\/ledscreenfactory.com\/es\/#website"},"datePublished":"2024-12-03T08:07:03+00:00","dateModified":"2026-03-11T09:20:04+00:00","description":"D\u00e9couvrez les avantages de l&#039;affichage LED ext\u00e9rieur. Am\u00e9liorez votre publicit\u00e9 ou votre \u00e9v\u00e9nement gr\u00e2ce \u00e0 des \u00e9crans LED haute qualit\u00e9 et aux couleurs \u00e9clatantes.","breadcrumb":{"@id":"https:\/\/ledscreenfactory.com\/outdoor-led-display\/#breadcrumb"},"inLanguage":"fr-FR","potentialAction":[{"@type":"ReadAction","target":["https:\/\/ledscreenfactory.com\/outdoor-led-display\/"]}]},{"@type":"BreadcrumbList","@id":"https:\/\/ledscreenfactory.com\/outdoor-led-display\/#breadcrumb","itemListElement":[{"@type":"ListItem","position":1,"name":"Home","item":"https:\/\/ledscreenfactory.com\/"},{"@type":"ListItem","position":2,"name":"Products","item":"https:\/\/ledscreenfactory.com\/de\/products\/"},{"@type":"ListItem","position":3,"name":"Outdoor Commercial LED Screen","item":"https:\/\/ledscreenfactory.com\/outdoor-digital-sign\/"},{"@type":"ListItem","position":4,"name":"Outdoor LED Display"}]},{"@type":"WebSite","@id":"https:\/\/ledscreenfactory.com\/es\/#website","url":"https:\/\/ledscreenfactory.com\/es\/","name":"LEGIDATECH","description":"","publisher":{"@id":"https:\/\/ledscreenfactory.com\/es\/#organization"},"potentialAction":[{"@type":"SearchAction","target":{"@type":"EntryPoint","urlTemplate":"https:\/\/ledscreenfactory.com\/es\/?s={search_term_string}"},"query-input":{"@type":"PropertyValueSpecification","valueRequired":true,"valueName":"search_term_string"}}],"inLanguage":"fr-FR"},{"@type":"Organization","@id":"https:\/\/ledscreenfactory.com\/es\/#organization","name":"LEGIDATECH","url":"https:\/\/ledscreenfactory.com\/es\/","logo":{"@type":"ImageObject","inLanguage":"fr-FR","@id":"https:\/\/ledscreenfactory.com\/es\/#\/schema\/logo\/image\/","url":"https:\/\/ledscreenfactory.com\/wp-content\/uploads\/2023\/08\/cropped-legidatech--scaled.png","contentUrl":"https:\/\/ledscreenfactory.com\/wp-content\/uploads\/2023\/08\/cropped-legidatech--scaled.png","width":2560,"height":551,"caption":"LEGIDATECH"},"image":{"@id":"https:\/\/ledscreenfactory.com\/es\/#\/schema\/logo\/image\/"}}]}},"_links":{"self":[{"href":"https:\/\/ledscreenfactory.com\/fr\/wp-json\/wp\/v2\/pages\/23182","targetHints":{"allow":["GET"]}}],"collection":[{"href":"https:\/\/ledscreenfactory.com\/fr\/wp-json\/wp\/v2\/pages"}],"about":[{"href":"https:\/\/ledscreenfactory.com\/fr\/wp-json\/wp\/v2\/types\/page"}],"author":[{"embeddable":true,"href":"https:\/\/ledscreenfactory.com\/fr\/wp-json\/wp\/v2\/users\/1"}],"replies":[{"embeddable":true,"href":"https:\/\/ledscreenfactory.com\/fr\/wp-json\/wp\/v2\/comments?post=23182"}],"version-history":[{"count":94,"href":"https:\/\/ledscreenfactory.com\/fr\/wp-json\/wp\/v2\/pages\/23182\/revisions"}],"predecessor-version":[{"id":28053,"href":"https:\/\/ledscreenfactory.com\/fr\/wp-json\/wp\/v2\/pages\/23182\/revisions\/28053"}],"up":[{"embeddable":true,"href":"https:\/\/ledscreenfactory.com\/fr\/wp-json\/wp\/v2\/pages\/19334"}],"wp:attachment":[{"href":"https:\/\/ledscreenfactory.com\/fr\/wp-json\/wp\/v2\/media?parent=23182"}],"curies":[{"name":"wp","href":"https:\/\/api.w.org\/{rel}","templated":true}]}}