{"id":20957,"date":"2024-07-19T07:59:18","date_gmt":"2024-07-19T07:59:18","guid":{"rendered":"https:\/\/ledscreenfactory.com\/?page_id=20957"},"modified":"2025-11-27T01:13:40","modified_gmt":"2025-11-27T01:13:40","slug":"classement-ultime-des-10-meilleurs-fournisseurs-decrans-led-en-russie","status":"publish","type":"page","link":"https:\/\/ledscreenfactory.com\/fr\/classement-ultime-des-10-meilleurs-fournisseurs-decrans-led-en-russie\/","title":{"rendered":"Les 10 meilleurs fournisseurs d&#039;\u00e9crans LED en Russie - Classement final"},"content":{"rendered":"<p>&nbsp;<\/p>\n<div style=\"all: initial !important;\"><\/div>","protected":false},"excerpt":{"rendered":"<p>&nbsp;<\/p>","protected":false},"author":1,"featured_media":0,"parent":27407,"menu_order":0,"comment_status":"closed","ping_status":"closed","template":"product-category3.php","meta":{"_acf_changed":false,"om_disable_all_campaigns":false,"_uf_show_specific_survey":0,"_uf_disable_surveys":false,"site-sidebar-layout":"default","site-content-layout":"page-builder","ast-site-content-layout":"full-width-container","site-content-style":"default","site-sidebar-style":"default","ast-global-header-display":"","ast-banner-title-visibility":"","ast-main-header-display":"","ast-hfb-above-header-display":"","ast-hfb-below-header-display":"","ast-hfb-mobile-header-display":"","site-post-title":"disabled","ast-breadcrumbs-content":"","ast-featured-img":"disabled","footer-sml-layout":"","ast-disable-related-posts":"","theme-transparent-header-meta":"default","adv-header-id-meta":"","stick-header-meta":"default","header-above-stick-meta":"","header-main-stick-meta":"","header-below-stick-meta":"","astra-migrate-meta-layouts":"set","ast-page-background-enabled":"default","ast-page-background-meta":{"desktop":{"background-color":"","background-image":"","background-repeat":"repeat","background-position":"center center","background-size":"auto","background-attachment":"scroll","background-type":"","background-media":"","overlay-type":"","overlay-color":"","overlay-opacity":"","overlay-gradient":""},"tablet":{"background-color":"","background-image":"","background-repeat":"repeat","background-position":"center center","background-size":"auto","background-attachment":"scroll","background-type":"","background-media":"","overlay-type":"","overlay-color":"","overlay-opacity":"","overlay-gradient":""},"mobile":{"background-color":"","background-image":"","background-repeat":"repeat","background-position":"center center","background-size":"auto","background-attachment":"scroll","background-type":"","background-media":"","overlay-type":"","overlay-color":"","overlay-opacity":"","overlay-gradient":""}},"ast-content-background-meta":{"desktop":{"background-color":"var(--ast-global-color-5)","background-image":"","background-repeat":"repeat","background-position":"center center","background-size":"auto","background-attachment":"scroll","background-type":"","background-media":"","overlay-type":"","overlay-color":"","overlay-opacity":"","overlay-gradient":""},"tablet":{"background-color":"var(--ast-global-color-5)","background-image":"","background-repeat":"repeat","background-position":"center center","background-size":"auto","background-attachment":"scroll","background-type":"","background-media":"","overlay-type":"","overlay-color":"","overlay-opacity":"","overlay-gradient":""},"mobile":{"background-color":"var(--ast-global-color-5)","background-image":"","background-repeat":"repeat","background-position":"center center","background-size":"auto","background-attachment":"scroll","background-type":"","background-media":"","overlay-type":"","overlay-color":"","overlay-opacity":"","overlay-gradient":""}},"footnotes":""},"class_list":["post-20957","page","type-page","status-publish","hentry"],"acf":[],"yoast_head":"<!-- This site is optimized with the Yoast SEO plugin v26.6 - https:\/\/yoast.com\/wordpress\/plugins\/seo\/ -->\n<title>BEST 10 LED Screen Suppliers in Russia-Ultimate ranking<\/title>\n<meta name=\"description\" content=\"Find the TOP best LED screen display supplier in Russia for top-quality displays and exceptional service. Their LED screens are known for their exceptional quality, durability, and stunning visual performance.\" \/>\n<meta name=\"robots\" content=\"index, follow, max-snippet:-1, max-image-preview:large, max-video-preview:-1\" \/>\n<link rel=\"canonical\" href=\"https:\/\/ledscreenfactory.com\/fr\/classement-ultime-des-10-meilleurs-fournisseurs-decrans-led-en-russie\/\" \/>\n<meta property=\"og:locale\" content=\"fr_FR\" \/>\n<meta property=\"og:type\" content=\"article\" \/>\n<meta property=\"og:title\" content=\"BEST 10 LED Screen Suppliers in Russia-Ultimate ranking\" \/>\n<meta property=\"og:description\" content=\"Find the TOP best LED screen display supplier in Russia for top-quality displays and exceptional service. Their LED screens are known for their exceptional quality, durability, and stunning visual performance.\" \/>\n<meta property=\"og:url\" content=\"https:\/\/ledscreenfactory.com\/fr\/classement-ultime-des-10-meilleurs-fournisseurs-decrans-led-en-russie\/\" \/>\n<meta property=\"og:site_name\" content=\"LEGIDATECH\" \/>\n<meta property=\"article:modified_time\" content=\"2025-11-27T01:13:40+00:00\" \/>\n<meta name=\"twitter:card\" content=\"summary_large_image\" \/>\n<script type=\"application\/ld+json\" class=\"yoast-schema-graph\">{\"@context\":\"https:\/\/schema.org\",\"@graph\":[{\"@type\":\"WebPage\",\"@id\":\"https:\/\/ledscreenfactory.com\/top-10-led-screen-suppliers-in-russia-ultimate-ranking\/\",\"url\":\"https:\/\/ledscreenfactory.com\/top-10-led-screen-suppliers-in-russia-ultimate-ranking\/\",\"name\":\"BEST 10 LED Screen Suppliers in Russia-Ultimate ranking\",\"isPartOf\":{\"@id\":\"https:\/\/ledscreenfactory.com\/es\/#website\"},\"datePublished\":\"2024-07-19T07:59:18+00:00\",\"dateModified\":\"2025-11-27T01:13:40+00:00\",\"description\":\"Find the TOP best LED screen display supplier in Russia for top-quality displays and exceptional service. Their LED screens are known for their exceptional quality, durability, and stunning visual performance.\",\"breadcrumb\":{\"@id\":\"https:\/\/ledscreenfactory.com\/top-10-led-screen-suppliers-in-russia-ultimate-ranking\/#breadcrumb\"},\"inLanguage\":\"fr-FR\",\"potentialAction\":[{\"@type\":\"ReadAction\",\"target\":[\"https:\/\/ledscreenfactory.com\/top-10-led-screen-suppliers-in-russia-ultimate-ranking\/\"]}]},{\"@type\":\"BreadcrumbList\",\"@id\":\"https:\/\/ledscreenfactory.com\/top-10-led-screen-suppliers-in-russia-ultimate-ranking\/#breadcrumb\",\"itemListElement\":[{\"@type\":\"ListItem\",\"position\":1,\"name\":\"Home\",\"item\":\"https:\/\/ledscreenfactory.com\/\"},{\"@type\":\"ListItem\",\"position\":2,\"name\":\"Top LED Screen Suppliers\",\"item\":\"https:\/\/ledscreenfactory.com\/top-led-screen-suppliers-in-the-world\/\"},{\"@type\":\"ListItem\",\"position\":3,\"name\":\"Best 10 LED Screen Suppliers in Russia-Ultimate ranking\"}]},{\"@type\":\"WebSite\",\"@id\":\"https:\/\/ledscreenfactory.com\/es\/#website\",\"url\":\"https:\/\/ledscreenfactory.com\/es\/\",\"name\":\"LEGIDATECH\",\"description\":\"\",\"publisher\":{\"@id\":\"https:\/\/ledscreenfactory.com\/es\/#organization\"},\"potentialAction\":[{\"@type\":\"SearchAction\",\"target\":{\"@type\":\"EntryPoint\",\"urlTemplate\":\"https:\/\/ledscreenfactory.com\/es\/?s={search_term_string}\"},\"query-input\":{\"@type\":\"PropertyValueSpecification\",\"valueRequired\":true,\"valueName\":\"search_term_string\"}}],\"inLanguage\":\"fr-FR\"},{\"@type\":\"Organization\",\"@id\":\"https:\/\/ledscreenfactory.com\/es\/#organization\",\"name\":\"LEGIDATECH\",\"url\":\"https:\/\/ledscreenfactory.com\/es\/\",\"logo\":{\"@type\":\"ImageObject\",\"inLanguage\":\"fr-FR\",\"@id\":\"https:\/\/ledscreenfactory.com\/es\/#\/schema\/logo\/image\/\",\"url\":\"https:\/\/ledscreenfactory.com\/wp-content\/uploads\/2023\/08\/cropped-legidatech--scaled.png\",\"contentUrl\":\"https:\/\/ledscreenfactory.com\/wp-content\/uploads\/2023\/08\/cropped-legidatech--scaled.png\",\"width\":2560,\"height\":551,\"caption\":\"LEGIDATECH\"},\"image\":{\"@id\":\"https:\/\/ledscreenfactory.com\/es\/#\/schema\/logo\/image\/\"}}]}<\/script>\n<!-- \/ Yoast SEO plugin. -->","yoast_head_json":{"title":"Les 10 meilleurs fournisseurs d&#039;\u00e9crans LED en Russie - Classement final","description":"Trouvez le meilleur fournisseur d&#039;\u00e9crans LED en Russie pour des \u00e9crans de qualit\u00e9 sup\u00e9rieure et un service exceptionnel. Leurs \u00e9crans LED sont r\u00e9put\u00e9s pour leur qualit\u00e9 exceptionnelle, leur durabilit\u00e9 et leurs performances visuelles \u00e9poustouflantes.","robots":{"index":"index","follow":"follow","max-snippet":"max-snippet:-1","max-image-preview":"max-image-preview:large","max-video-preview":"max-video-preview:-1"},"canonical":"https:\/\/ledscreenfactory.com\/fr\/classement-ultime-des-10-meilleurs-fournisseurs-decrans-led-en-russie\/","og_locale":"fr_FR","og_type":"article","og_title":"BEST 10 LED Screen Suppliers in Russia-Ultimate ranking","og_description":"Find the TOP best LED screen display supplier in Russia for top-quality displays and exceptional service. Their LED screens are known for their exceptional quality, durability, and stunning visual performance.","og_url":"https:\/\/ledscreenfactory.com\/fr\/classement-ultime-des-10-meilleurs-fournisseurs-decrans-led-en-russie\/","og_site_name":"LEGIDATECH","article_modified_time":"2025-11-27T01:13:40+00:00","twitter_card":"summary_large_image","schema":{"@context":"https:\/\/schema.org","@graph":[{"@type":"WebPage","@id":"https:\/\/ledscreenfactory.com\/top-10-led-screen-suppliers-in-russia-ultimate-ranking\/","url":"https:\/\/ledscreenfactory.com\/top-10-led-screen-suppliers-in-russia-ultimate-ranking\/","name":"Les 10 meilleurs fournisseurs d&#039;\u00e9crans LED en Russie - Classement final","isPartOf":{"@id":"https:\/\/ledscreenfactory.com\/es\/#website"},"datePublished":"2024-07-19T07:59:18+00:00","dateModified":"2025-11-27T01:13:40+00:00","description":"Trouvez le meilleur fournisseur d&#039;\u00e9crans LED en Russie pour des \u00e9crans de qualit\u00e9 sup\u00e9rieure et un service exceptionnel. Leurs \u00e9crans LED sont r\u00e9put\u00e9s pour leur qualit\u00e9 exceptionnelle, leur durabilit\u00e9 et leurs performances visuelles \u00e9poustouflantes.","breadcrumb":{"@id":"https:\/\/ledscreenfactory.com\/top-10-led-screen-suppliers-in-russia-ultimate-ranking\/#breadcrumb"},"inLanguage":"fr-FR","potentialAction":[{"@type":"ReadAction","target":["https:\/\/ledscreenfactory.com\/top-10-led-screen-suppliers-in-russia-ultimate-ranking\/"]}]},{"@type":"BreadcrumbList","@id":"https:\/\/ledscreenfactory.com\/top-10-led-screen-suppliers-in-russia-ultimate-ranking\/#breadcrumb","itemListElement":[{"@type":"ListItem","position":1,"name":"Home","item":"https:\/\/ledscreenfactory.com\/"},{"@type":"ListItem","position":2,"name":"Top LED Screen Suppliers","item":"https:\/\/ledscreenfactory.com\/top-led-screen-suppliers-in-the-world\/"},{"@type":"ListItem","position":3,"name":"Best 10 LED Screen Suppliers in Russia-Ultimate ranking"}]},{"@type":"WebSite","@id":"https:\/\/ledscreenfactory.com\/es\/#website","url":"https:\/\/ledscreenfactory.com\/es\/","name":"LEGIDATECH","description":"","publisher":{"@id":"https:\/\/ledscreenfactory.com\/es\/#organization"},"potentialAction":[{"@type":"SearchAction","target":{"@type":"EntryPoint","urlTemplate":"https:\/\/ledscreenfactory.com\/es\/?s={search_term_string}"},"query-input":{"@type":"PropertyValueSpecification","valueRequired":true,"valueName":"search_term_string"}}],"inLanguage":"fr-FR"},{"@type":"Organization","@id":"https:\/\/ledscreenfactory.com\/es\/#organization","name":"LEGIDATECH","url":"https:\/\/ledscreenfactory.com\/es\/","logo":{"@type":"ImageObject","inLanguage":"fr-FR","@id":"https:\/\/ledscreenfactory.com\/es\/#\/schema\/logo\/image\/","url":"https:\/\/ledscreenfactory.com\/wp-content\/uploads\/2023\/08\/cropped-legidatech--scaled.png","contentUrl":"https:\/\/ledscreenfactory.com\/wp-content\/uploads\/2023\/08\/cropped-legidatech--scaled.png","width":2560,"height":551,"caption":"LEGIDATECH"},"image":{"@id":"https:\/\/ledscreenfactory.com\/es\/#\/schema\/logo\/image\/"}}]}},"_links":{"self":[{"href":"https:\/\/ledscreenfactory.com\/fr\/wp-json\/wp\/v2\/pages\/20957","targetHints":{"allow":["GET"]}}],"collection":[{"href":"https:\/\/ledscreenfactory.com\/fr\/wp-json\/wp\/v2\/pages"}],"about":[{"href":"https:\/\/ledscreenfactory.com\/fr\/wp-json\/wp\/v2\/types\/page"}],"author":[{"embeddable":true,"href":"https:\/\/ledscreenfactory.com\/fr\/wp-json\/wp\/v2\/users\/1"}],"replies":[{"embeddable":true,"href":"https:\/\/ledscreenfactory.com\/fr\/wp-json\/wp\/v2\/comments?post=20957"}],"version-history":[{"count":13,"href":"https:\/\/ledscreenfactory.com\/fr\/wp-json\/wp\/v2\/pages\/20957\/revisions"}],"predecessor-version":[{"id":27437,"href":"https:\/\/ledscreenfactory.com\/fr\/wp-json\/wp\/v2\/pages\/20957\/revisions\/27437"}],"up":[{"embeddable":true,"href":"https:\/\/ledscreenfactory.com\/fr\/wp-json\/wp\/v2\/pages\/27407"}],"wp:attachment":[{"href":"https:\/\/ledscreenfactory.com\/fr\/wp-json\/wp\/v2\/media?parent=20957"}],"curies":[{"name":"wp","href":"https:\/\/api.w.org\/{rel}","templated":true}]}}