{"id":18157,"date":"2023-12-19T07:05:16","date_gmt":"2023-12-19T07:05:16","guid":{"rendered":"https:\/\/ledscreenfactory.com\/?page_id=18157"},"modified":"2026-03-13T01:54:26","modified_gmt":"2026-03-13T01:54:26","slug":"serie-daffichage-numerique-led-exterieur","status":"publish","type":"page","link":"https:\/\/ledscreenfactory.com\/fr\/serie-daffichage-numerique-led-exterieur\/","title":{"rendered":"Affichage num\u00e9rique ext\u00e9rieur \u00e0 LED \u2013 S\u00e9rie EDS"},"content":{"rendered":"","protected":false},"excerpt":{"rendered":"","protected":false},"author":1,"featured_media":0,"parent":19334,"menu_order":0,"comment_status":"closed","ping_status":"closed","template":"product-details4.php","meta":{"_acf_changed":false,"om_disable_all_campaigns":false,"_uf_show_specific_survey":0,"_uf_disable_surveys":false,"site-sidebar-layout":"default","site-content-layout":"page-builder","ast-site-content-layout":"full-width-container","site-content-style":"unboxed","site-sidebar-style":"unboxed","ast-global-header-display":"","ast-banner-title-visibility":"","ast-main-header-display":"","ast-hfb-above-header-display":"","ast-hfb-below-header-display":"","ast-hfb-mobile-header-display":"","site-post-title":"","ast-breadcrumbs-content":"disabled","ast-featured-img":"","footer-sml-layout":"","ast-disable-related-posts":"","theme-transparent-header-meta":"default","adv-header-id-meta":"","stick-header-meta":"default","header-above-stick-meta":"","header-main-stick-meta":"","header-below-stick-meta":"","astra-migrate-meta-layouts":"set","ast-page-background-enabled":"default","ast-page-background-meta":{"desktop":{"background-color":"","background-image":"","background-repeat":"repeat","background-position":"center center","background-size":"auto","background-attachment":"scroll","background-type":"","background-media":"","overlay-type":"","overlay-color":"","overlay-opacity":"","overlay-gradient":""},"tablet":{"background-color":"","background-image":"","background-repeat":"repeat","background-position":"center center","background-size":"auto","background-attachment":"scroll","background-type":"","background-media":"","overlay-type":"","overlay-color":"","overlay-opacity":"","overlay-gradient":""},"mobile":{"background-color":"","background-image":"","background-repeat":"repeat","background-position":"center center","background-size":"auto","background-attachment":"scroll","background-type":"","background-media":"","overlay-type":"","overlay-color":"","overlay-opacity":"","overlay-gradient":""}},"ast-content-background-meta":{"desktop":{"background-color":"var(--ast-global-color-5)","background-image":"","background-repeat":"repeat","background-position":"center center","background-size":"auto","background-attachment":"scroll","background-type":"","background-media":"","overlay-type":"","overlay-color":"","overlay-opacity":"","overlay-gradient":""},"tablet":{"background-color":"var(--ast-global-color-5)","background-image":"","background-repeat":"repeat","background-position":"center center","background-size":"auto","background-attachment":"scroll","background-type":"","background-media":"","overlay-type":"","overlay-color":"","overlay-opacity":"","overlay-gradient":""},"mobile":{"background-color":"var(--ast-global-color-5)","background-image":"","background-repeat":"repeat","background-position":"center center","background-size":"auto","background-attachment":"scroll","background-type":"","background-media":"","overlay-type":"","overlay-color":"","overlay-opacity":"","overlay-gradient":""}},"footnotes":""},"class_list":["post-18157","page","type-page","status-publish","hentry"],"acf":[],"yoast_head":"<!-- This site is optimized with the Yoast SEO plugin v26.6 - https:\/\/yoast.com\/wordpress\/plugins\/seo\/ -->\n<title>Outdoor LED digital signage - EDS series - LEGIDATECH<\/title>\n<meta name=\"description\" content=\"Stair LED display is a kind of dance floor display which is usually used in public places such as bars, supermarkets and shopping malls.\" \/>\n<meta name=\"robots\" content=\"index, follow, max-snippet:-1, max-image-preview:large, max-video-preview:-1\" \/>\n<link rel=\"canonical\" href=\"https:\/\/ledscreenfactory.com\/fr\/serie-daffichage-numerique-led-exterieur\/\" \/>\n<meta property=\"og:locale\" content=\"fr_FR\" \/>\n<meta property=\"og:type\" content=\"article\" \/>\n<meta property=\"og:title\" content=\"Outdoor LED digital signage - EDS series - LEGIDATECH\" \/>\n<meta property=\"og:description\" content=\"Stair LED display is a kind of dance floor display which is usually used in public places such as bars, supermarkets and shopping malls.\" \/>\n<meta property=\"og:url\" content=\"https:\/\/ledscreenfactory.com\/fr\/serie-daffichage-numerique-led-exterieur\/\" \/>\n<meta property=\"og:site_name\" content=\"LEGIDATECH\" \/>\n<meta property=\"article:modified_time\" content=\"2026-03-13T01:54:26+00:00\" \/>\n<meta name=\"twitter:card\" content=\"summary_large_image\" \/>\n<script type=\"application\/ld+json\" class=\"yoast-schema-graph\">{\"@context\":\"https:\/\/schema.org\",\"@graph\":[{\"@type\":\"WebPage\",\"@id\":\"https:\/\/ledscreenfactory.com\/outdoor-led-digital-signage-eds-series\/\",\"url\":\"https:\/\/ledscreenfactory.com\/outdoor-led-digital-signage-eds-series\/\",\"name\":\"Outdoor LED digital signage - EDS series - LEGIDATECH\",\"isPartOf\":{\"@id\":\"https:\/\/ledscreenfactory.com\/es\/#website\"},\"datePublished\":\"2023-12-19T07:05:16+00:00\",\"dateModified\":\"2026-03-13T01:54:26+00:00\",\"description\":\"Stair LED display is a kind of dance floor display which is usually used in public places such as bars, supermarkets and shopping malls.\",\"breadcrumb\":{\"@id\":\"https:\/\/ledscreenfactory.com\/outdoor-led-digital-signage-eds-series\/#breadcrumb\"},\"inLanguage\":\"fr-FR\",\"potentialAction\":[{\"@type\":\"ReadAction\",\"target\":[\"https:\/\/ledscreenfactory.com\/outdoor-led-digital-signage-eds-series\/\"]}]},{\"@type\":\"BreadcrumbList\",\"@id\":\"https:\/\/ledscreenfactory.com\/outdoor-led-digital-signage-eds-series\/#breadcrumb\",\"itemListElement\":[{\"@type\":\"ListItem\",\"position\":1,\"name\":\"Home\",\"item\":\"https:\/\/ledscreenfactory.com\/\"},{\"@type\":\"ListItem\",\"position\":2,\"name\":\"Products\",\"item\":\"https:\/\/ledscreenfactory.com\/de\/products\/\"},{\"@type\":\"ListItem\",\"position\":3,\"name\":\"Outdoor Commercial LED Screen\",\"item\":\"https:\/\/ledscreenfactory.com\/outdoor-digital-sign\/\"},{\"@type\":\"ListItem\",\"position\":4,\"name\":\"Outdoor LED digital signage &#8211; EDS series\"}]},{\"@type\":\"WebSite\",\"@id\":\"https:\/\/ledscreenfactory.com\/es\/#website\",\"url\":\"https:\/\/ledscreenfactory.com\/es\/\",\"name\":\"LEGIDATECH\",\"description\":\"\",\"publisher\":{\"@id\":\"https:\/\/ledscreenfactory.com\/es\/#organization\"},\"potentialAction\":[{\"@type\":\"SearchAction\",\"target\":{\"@type\":\"EntryPoint\",\"urlTemplate\":\"https:\/\/ledscreenfactory.com\/es\/?s={search_term_string}\"},\"query-input\":{\"@type\":\"PropertyValueSpecification\",\"valueRequired\":true,\"valueName\":\"search_term_string\"}}],\"inLanguage\":\"fr-FR\"},{\"@type\":\"Organization\",\"@id\":\"https:\/\/ledscreenfactory.com\/es\/#organization\",\"name\":\"LEGIDATECH\",\"url\":\"https:\/\/ledscreenfactory.com\/es\/\",\"logo\":{\"@type\":\"ImageObject\",\"inLanguage\":\"fr-FR\",\"@id\":\"https:\/\/ledscreenfactory.com\/es\/#\/schema\/logo\/image\/\",\"url\":\"https:\/\/ledscreenfactory.com\/wp-content\/uploads\/2023\/08\/cropped-legidatech--scaled.png\",\"contentUrl\":\"https:\/\/ledscreenfactory.com\/wp-content\/uploads\/2023\/08\/cropped-legidatech--scaled.png\",\"width\":2560,\"height\":551,\"caption\":\"LEGIDATECH\"},\"image\":{\"@id\":\"https:\/\/ledscreenfactory.com\/es\/#\/schema\/logo\/image\/\"}}]}<\/script>\n<!-- \/ Yoast SEO plugin. -->","yoast_head_json":{"title":"Affichage num\u00e9rique ext\u00e9rieur \u00e0 LED - S\u00e9rie EDS - LEGIDATECH","description":"L&#039;\u00e9cran LED pour escaliers est un type d&#039;\u00e9cran de piste de danse g\u00e9n\u00e9ralement utilis\u00e9 dans les lieux publics tels que les bars, les supermarch\u00e9s et les centres commerciaux.","robots":{"index":"index","follow":"follow","max-snippet":"max-snippet:-1","max-image-preview":"max-image-preview:large","max-video-preview":"max-video-preview:-1"},"canonical":"https:\/\/ledscreenfactory.com\/fr\/serie-daffichage-numerique-led-exterieur\/","og_locale":"fr_FR","og_type":"article","og_title":"Outdoor LED digital signage - EDS series - LEGIDATECH","og_description":"Stair LED display is a kind of dance floor display which is usually used in public places such as bars, supermarkets and shopping malls.","og_url":"https:\/\/ledscreenfactory.com\/fr\/serie-daffichage-numerique-led-exterieur\/","og_site_name":"LEGIDATECH","article_modified_time":"2026-03-13T01:54:26+00:00","twitter_card":"summary_large_image","schema":{"@context":"https:\/\/schema.org","@graph":[{"@type":"WebPage","@id":"https:\/\/ledscreenfactory.com\/outdoor-led-digital-signage-eds-series\/","url":"https:\/\/ledscreenfactory.com\/outdoor-led-digital-signage-eds-series\/","name":"Affichage num\u00e9rique ext\u00e9rieur \u00e0 LED - S\u00e9rie EDS - LEGIDATECH","isPartOf":{"@id":"https:\/\/ledscreenfactory.com\/es\/#website"},"datePublished":"2023-12-19T07:05:16+00:00","dateModified":"2026-03-13T01:54:26+00:00","description":"L&#039;\u00e9cran LED pour escaliers est un type d&#039;\u00e9cran de piste de danse g\u00e9n\u00e9ralement utilis\u00e9 dans les lieux publics tels que les bars, les supermarch\u00e9s et les centres commerciaux.","breadcrumb":{"@id":"https:\/\/ledscreenfactory.com\/outdoor-led-digital-signage-eds-series\/#breadcrumb"},"inLanguage":"fr-FR","potentialAction":[{"@type":"ReadAction","target":["https:\/\/ledscreenfactory.com\/outdoor-led-digital-signage-eds-series\/"]}]},{"@type":"BreadcrumbList","@id":"https:\/\/ledscreenfactory.com\/outdoor-led-digital-signage-eds-series\/#breadcrumb","itemListElement":[{"@type":"ListItem","position":1,"name":"Home","item":"https:\/\/ledscreenfactory.com\/"},{"@type":"ListItem","position":2,"name":"Products","item":"https:\/\/ledscreenfactory.com\/de\/products\/"},{"@type":"ListItem","position":3,"name":"Outdoor Commercial LED Screen","item":"https:\/\/ledscreenfactory.com\/outdoor-digital-sign\/"},{"@type":"ListItem","position":4,"name":"Outdoor LED digital signage &#8211; EDS series"}]},{"@type":"WebSite","@id":"https:\/\/ledscreenfactory.com\/es\/#website","url":"https:\/\/ledscreenfactory.com\/es\/","name":"LEGIDATECH","description":"","publisher":{"@id":"https:\/\/ledscreenfactory.com\/es\/#organization"},"potentialAction":[{"@type":"SearchAction","target":{"@type":"EntryPoint","urlTemplate":"https:\/\/ledscreenfactory.com\/es\/?s={search_term_string}"},"query-input":{"@type":"PropertyValueSpecification","valueRequired":true,"valueName":"search_term_string"}}],"inLanguage":"fr-FR"},{"@type":"Organization","@id":"https:\/\/ledscreenfactory.com\/es\/#organization","name":"LEGIDATECH","url":"https:\/\/ledscreenfactory.com\/es\/","logo":{"@type":"ImageObject","inLanguage":"fr-FR","@id":"https:\/\/ledscreenfactory.com\/es\/#\/schema\/logo\/image\/","url":"https:\/\/ledscreenfactory.com\/wp-content\/uploads\/2023\/08\/cropped-legidatech--scaled.png","contentUrl":"https:\/\/ledscreenfactory.com\/wp-content\/uploads\/2023\/08\/cropped-legidatech--scaled.png","width":2560,"height":551,"caption":"LEGIDATECH"},"image":{"@id":"https:\/\/ledscreenfactory.com\/es\/#\/schema\/logo\/image\/"}}]}},"_links":{"self":[{"href":"https:\/\/ledscreenfactory.com\/fr\/wp-json\/wp\/v2\/pages\/18157","targetHints":{"allow":["GET"]}}],"collection":[{"href":"https:\/\/ledscreenfactory.com\/fr\/wp-json\/wp\/v2\/pages"}],"about":[{"href":"https:\/\/ledscreenfactory.com\/fr\/wp-json\/wp\/v2\/types\/page"}],"author":[{"embeddable":true,"href":"https:\/\/ledscreenfactory.com\/fr\/wp-json\/wp\/v2\/users\/1"}],"replies":[{"embeddable":true,"href":"https:\/\/ledscreenfactory.com\/fr\/wp-json\/wp\/v2\/comments?post=18157"}],"version-history":[{"count":23,"href":"https:\/\/ledscreenfactory.com\/fr\/wp-json\/wp\/v2\/pages\/18157\/revisions"}],"predecessor-version":[{"id":25969,"href":"https:\/\/ledscreenfactory.com\/fr\/wp-json\/wp\/v2\/pages\/18157\/revisions\/25969"}],"up":[{"embeddable":true,"href":"https:\/\/ledscreenfactory.com\/fr\/wp-json\/wp\/v2\/pages\/19334"}],"wp:attachment":[{"href":"https:\/\/ledscreenfactory.com\/fr\/wp-json\/wp\/v2\/media?parent=18157"}],"curies":[{"name":"wp","href":"https:\/\/api.w.org\/{rel}","templated":true}]}}