{"id":25248,"date":"2025-04-23T06:27:33","date_gmt":"2025-04-23T06:27:33","guid":{"rendered":"https:\/\/ledscreenfactory.com\/?page_id=25248"},"modified":"2025-12-24T07:18:59","modified_gmt":"2025-12-24T07:18:59","slug":"all-in-one-led-display","status":"publish","type":"page","link":"https:\/\/ledscreenfactory.com\/es\/pantalla-led-todo-en-uno-2025\/","title":{"rendered":"Pantalla LED todo en uno - 2025"},"content":{"rendered":"<p>Mantenimiento sencillo y reparaci\u00f3n completa del frontal<\/p>\n<p>Con estas pantallas, la reparaci\u00f3n o sustituci\u00f3n del panel resulta muy sencilla. Tanto si el mantenimiento se realiza desde el frontal como desde la parte posterior, cada m\u00f3dulo LED se puede extraer y sustituir f\u00e1cilmente con la herramienta magn\u00e9tica incluida, sin necesidad de cableado, lo que simplifica enormemente el proceso. La incorporaci\u00f3n de la ventosa el\u00e9ctrica optimiza a\u00fan m\u00e1s el mantenimiento frontal. Sin necesidad de mover toda la pantalla, el m\u00f3dulo LED frontal intercambiable en caliente permite sustituir f\u00e1cilmente cualquier pieza defectuosa. Con estas herramientas, cualquier persona puede realizar las reparaciones con facilidad, lo que mejora la eficiencia y la comodidad del mantenimiento.<\/p>","protected":false},"excerpt":{"rendered":"<p>Mantenimiento sencillo y reparaci\u00f3n completa del panel frontal. Con estas pantallas, la reparaci\u00f3n o sustituci\u00f3n del panel resulta muy sencilla. Tanto si el mantenimiento se realiza desde la parte frontal como desde la posterior, [\u2026]<\/p>","protected":false},"author":1,"featured_media":0,"parent":12835,"menu_order":0,"comment_status":"closed","ping_status":"closed","template":"product-category3.php","meta":{"_acf_changed":false,"om_disable_all_campaigns":false,"_uf_show_specific_survey":0,"_uf_disable_surveys":false,"site-sidebar-layout":"no-sidebar","site-content-layout":"page-builder","ast-site-content-layout":"full-width-container","site-content-style":"unboxed","site-sidebar-style":"unboxed","ast-global-header-display":"","ast-banner-title-visibility":"","ast-main-header-display":"","ast-hfb-above-header-display":"","ast-hfb-below-header-display":"","ast-hfb-mobile-header-display":"","site-post-title":"disabled","ast-breadcrumbs-content":"","ast-featured-img":"disabled","footer-sml-layout":"","ast-disable-related-posts":"","theme-transparent-header-meta":"default","adv-header-id-meta":"","stick-header-meta":"default","header-above-stick-meta":"","header-main-stick-meta":"","header-below-stick-meta":"","astra-migrate-meta-layouts":"set","ast-page-background-enabled":"default","ast-page-background-meta":{"desktop":{"background-color":"","background-image":"","background-repeat":"repeat","background-position":"center center","background-size":"auto","background-attachment":"scroll","background-type":"","background-media":"","overlay-type":"","overlay-color":"","overlay-opacity":"","overlay-gradient":""},"tablet":{"background-color":"","background-image":"","background-repeat":"repeat","background-position":"center center","background-size":"auto","background-attachment":"scroll","background-type":"","background-media":"","overlay-type":"","overlay-color":"","overlay-opacity":"","overlay-gradient":""},"mobile":{"background-color":"","background-image":"","background-repeat":"repeat","background-position":"center center","background-size":"auto","background-attachment":"scroll","background-type":"","background-media":"","overlay-type":"","overlay-color":"","overlay-opacity":"","overlay-gradient":""}},"ast-content-background-meta":{"desktop":{"background-color":"var(--ast-global-color-5)","background-image":"","background-repeat":"repeat","background-position":"center center","background-size":"auto","background-attachment":"scroll","background-type":"","background-media":"","overlay-type":"","overlay-color":"","overlay-opacity":"","overlay-gradient":""},"tablet":{"background-color":"var(--ast-global-color-5)","background-image":"","background-repeat":"repeat","background-position":"center center","background-size":"auto","background-attachment":"scroll","background-type":"","background-media":"","overlay-type":"","overlay-color":"","overlay-opacity":"","overlay-gradient":""},"mobile":{"background-color":"var(--ast-global-color-5)","background-image":"","background-repeat":"repeat","background-position":"center center","background-size":"auto","background-attachment":"scroll","background-type":"","background-media":"","overlay-type":"","overlay-color":"","overlay-opacity":"","overlay-gradient":""}},"footnotes":""},"class_list":["post-25248","page","type-page","status-publish","hentry"],"acf":[],"yoast_head":"<!-- This site is optimized with the Yoast SEO plugin v26.6 - https:\/\/yoast.com\/wordpress\/plugins\/seo\/ -->\n<title>Smart All-in-One LED Display for Modern Meeting Room\u20142026<\/title>\n<meta name=\"robots\" content=\"index, follow, max-snippet:-1, max-image-preview:large, max-video-preview:-1\" \/>\n<link rel=\"canonical\" href=\"https:\/\/ledscreenfactory.com\/es\/pantalla-led-todo-en-uno-2025\/\" \/>\n<meta property=\"og:locale\" content=\"es_ES\" \/>\n<meta property=\"og:type\" content=\"article\" \/>\n<meta property=\"og:title\" content=\"Smart All-in-One LED Display for Modern Meeting Room\u20142026\" \/>\n<meta property=\"og:description\" content=\"Easy maintenance and full front-end repair With these displays, panel repair or replacement becomes a breeze. Whether maintenance is performed from the front or back, [&hellip;]\" \/>\n<meta property=\"og:url\" content=\"https:\/\/ledscreenfactory.com\/es\/pantalla-led-todo-en-uno-2025\/\" \/>\n<meta property=\"og:site_name\" content=\"LEGIDATECH\" \/>\n<meta property=\"article:modified_time\" content=\"2025-12-24T07:18:59+00:00\" \/>\n<meta name=\"twitter:card\" content=\"summary_large_image\" \/>\n<meta name=\"twitter:label1\" content=\"Tiempo de lectura\" \/>\n\t<meta name=\"twitter:data1\" content=\"1 minuto\" \/>\n<script type=\"application\/ld+json\" class=\"yoast-schema-graph\">{\"@context\":\"https:\/\/schema.org\",\"@graph\":[{\"@type\":\"WebPage\",\"@id\":\"https:\/\/ledscreenfactory.com\/all-in-one-led-display-2025\/\",\"url\":\"https:\/\/ledscreenfactory.com\/all-in-one-led-display-2025\/\",\"name\":\"Smart All-in-One LED Display for Modern Meeting Room\u20142026\",\"isPartOf\":{\"@id\":\"https:\/\/ledscreenfactory.com\/es\/#website\"},\"datePublished\":\"2025-04-23T06:27:33+00:00\",\"dateModified\":\"2025-12-24T07:18:59+00:00\",\"breadcrumb\":{\"@id\":\"https:\/\/ledscreenfactory.com\/all-in-one-led-display-2025\/#breadcrumb\"},\"inLanguage\":\"es\",\"potentialAction\":[{\"@type\":\"ReadAction\",\"target\":[\"https:\/\/ledscreenfactory.com\/all-in-one-led-display-2025\/\"]}]},{\"@type\":\"BreadcrumbList\",\"@id\":\"https:\/\/ledscreenfactory.com\/all-in-one-led-display-2025\/#breadcrumb\",\"itemListElement\":[{\"@type\":\"ListItem\",\"position\":1,\"name\":\"Home\",\"item\":\"https:\/\/ledscreenfactory.com\/\"},{\"@type\":\"ListItem\",\"position\":2,\"name\":\"Products\",\"item\":\"https:\/\/ledscreenfactory.com\/de\/products\/\"},{\"@type\":\"ListItem\",\"position\":3,\"name\":\"Indoor LED Screen\",\"item\":\"https:\/\/ledscreenfactory.com\/indoor-led-screen\/\"},{\"@type\":\"ListItem\",\"position\":4,\"name\":\"Indoor LED Screens for Fixed\",\"item\":\"https:\/\/ledscreenfactory.com\/indoor-led-screens\/\"},{\"@type\":\"ListItem\",\"position\":5,\"name\":\"All-in-One LED Display-2025\"}]},{\"@type\":\"WebSite\",\"@id\":\"https:\/\/ledscreenfactory.com\/es\/#website\",\"url\":\"https:\/\/ledscreenfactory.com\/es\/\",\"name\":\"LEGIDATECH\",\"description\":\"\",\"publisher\":{\"@id\":\"https:\/\/ledscreenfactory.com\/es\/#organization\"},\"potentialAction\":[{\"@type\":\"SearchAction\",\"target\":{\"@type\":\"EntryPoint\",\"urlTemplate\":\"https:\/\/ledscreenfactory.com\/es\/?s={search_term_string}\"},\"query-input\":{\"@type\":\"PropertyValueSpecification\",\"valueRequired\":true,\"valueName\":\"search_term_string\"}}],\"inLanguage\":\"es\"},{\"@type\":\"Organization\",\"@id\":\"https:\/\/ledscreenfactory.com\/es\/#organization\",\"name\":\"LEGIDATECH\",\"url\":\"https:\/\/ledscreenfactory.com\/es\/\",\"logo\":{\"@type\":\"ImageObject\",\"inLanguage\":\"es\",\"@id\":\"https:\/\/ledscreenfactory.com\/es\/#\/schema\/logo\/image\/\",\"url\":\"https:\/\/ledscreenfactory.com\/wp-content\/uploads\/2023\/08\/cropped-legidatech--scaled.png\",\"contentUrl\":\"https:\/\/ledscreenfactory.com\/wp-content\/uploads\/2023\/08\/cropped-legidatech--scaled.png\",\"width\":2560,\"height\":551,\"caption\":\"LEGIDATECH\"},\"image\":{\"@id\":\"https:\/\/ledscreenfactory.com\/es\/#\/schema\/logo\/image\/\"}}]}<\/script>\n<!-- \/ Yoast SEO plugin. -->","yoast_head_json":{"title":"Pantalla LED inteligente todo en uno para salas de reuniones modernas (2026)","robots":{"index":"index","follow":"follow","max-snippet":"max-snippet:-1","max-image-preview":"max-image-preview:large","max-video-preview":"max-video-preview:-1"},"canonical":"https:\/\/ledscreenfactory.com\/es\/pantalla-led-todo-en-uno-2025\/","og_locale":"es_ES","og_type":"article","og_title":"Smart All-in-One LED Display for Modern Meeting Room\u20142026","og_description":"Easy maintenance and full front-end repair With these displays, panel repair or replacement becomes a breeze. Whether maintenance is performed from the front or back, [&hellip;]","og_url":"https:\/\/ledscreenfactory.com\/es\/pantalla-led-todo-en-uno-2025\/","og_site_name":"LEGIDATECH","article_modified_time":"2025-12-24T07:18:59+00:00","twitter_card":"summary_large_image","twitter_misc":{"Tiempo de lectura":"1 minuto"},"schema":{"@context":"https:\/\/schema.org","@graph":[{"@type":"WebPage","@id":"https:\/\/ledscreenfactory.com\/all-in-one-led-display-2025\/","url":"https:\/\/ledscreenfactory.com\/all-in-one-led-display-2025\/","name":"Pantalla LED inteligente todo en uno para salas de reuniones modernas (2026)","isPartOf":{"@id":"https:\/\/ledscreenfactory.com\/es\/#website"},"datePublished":"2025-04-23T06:27:33+00:00","dateModified":"2025-12-24T07:18:59+00:00","breadcrumb":{"@id":"https:\/\/ledscreenfactory.com\/all-in-one-led-display-2025\/#breadcrumb"},"inLanguage":"es","potentialAction":[{"@type":"ReadAction","target":["https:\/\/ledscreenfactory.com\/all-in-one-led-display-2025\/"]}]},{"@type":"BreadcrumbList","@id":"https:\/\/ledscreenfactory.com\/all-in-one-led-display-2025\/#breadcrumb","itemListElement":[{"@type":"ListItem","position":1,"name":"Home","item":"https:\/\/ledscreenfactory.com\/"},{"@type":"ListItem","position":2,"name":"Products","item":"https:\/\/ledscreenfactory.com\/de\/products\/"},{"@type":"ListItem","position":3,"name":"Indoor LED Screen","item":"https:\/\/ledscreenfactory.com\/indoor-led-screen\/"},{"@type":"ListItem","position":4,"name":"Indoor LED Screens for Fixed","item":"https:\/\/ledscreenfactory.com\/indoor-led-screens\/"},{"@type":"ListItem","position":5,"name":"All-in-One LED Display-2025"}]},{"@type":"WebSite","@id":"https:\/\/ledscreenfactory.com\/es\/#website","url":"https:\/\/ledscreenfactory.com\/es\/","name":"LEGIDATECH","description":"","publisher":{"@id":"https:\/\/ledscreenfactory.com\/es\/#organization"},"potentialAction":[{"@type":"SearchAction","target":{"@type":"EntryPoint","urlTemplate":"https:\/\/ledscreenfactory.com\/es\/?s={search_term_string}"},"query-input":{"@type":"PropertyValueSpecification","valueRequired":true,"valueName":"search_term_string"}}],"inLanguage":"es"},{"@type":"Organization","@id":"https:\/\/ledscreenfactory.com\/es\/#organization","name":"LEGIDATECH","url":"https:\/\/ledscreenfactory.com\/es\/","logo":{"@type":"ImageObject","inLanguage":"es","@id":"https:\/\/ledscreenfactory.com\/es\/#\/schema\/logo\/image\/","url":"https:\/\/ledscreenfactory.com\/wp-content\/uploads\/2023\/08\/cropped-legidatech--scaled.png","contentUrl":"https:\/\/ledscreenfactory.com\/wp-content\/uploads\/2023\/08\/cropped-legidatech--scaled.png","width":2560,"height":551,"caption":"LEGIDATECH"},"image":{"@id":"https:\/\/ledscreenfactory.com\/es\/#\/schema\/logo\/image\/"}}]}},"_links":{"self":[{"href":"https:\/\/ledscreenfactory.com\/es\/wp-json\/wp\/v2\/pages\/25248","targetHints":{"allow":["GET"]}}],"collection":[{"href":"https:\/\/ledscreenfactory.com\/es\/wp-json\/wp\/v2\/pages"}],"about":[{"href":"https:\/\/ledscreenfactory.com\/es\/wp-json\/wp\/v2\/types\/page"}],"author":[{"embeddable":true,"href":"https:\/\/ledscreenfactory.com\/es\/wp-json\/wp\/v2\/users\/1"}],"replies":[{"embeddable":true,"href":"https:\/\/ledscreenfactory.com\/es\/wp-json\/wp\/v2\/comments?post=25248"}],"version-history":[{"count":37,"href":"https:\/\/ledscreenfactory.com\/es\/wp-json\/wp\/v2\/pages\/25248\/revisions"}],"predecessor-version":[{"id":27956,"href":"https:\/\/ledscreenfactory.com\/es\/wp-json\/wp\/v2\/pages\/25248\/revisions\/27956"}],"up":[{"embeddable":true,"href":"https:\/\/ledscreenfactory.com\/es\/wp-json\/wp\/v2\/pages\/12835"}],"wp:attachment":[{"href":"https:\/\/ledscreenfactory.com\/es\/wp-json\/wp\/v2\/media?parent=25248"}],"curies":[{"name":"wp","href":"https:\/\/api.w.org\/{rel}","templated":true}]}}