{"id":25397,"date":"2025-04-10T03:44:58","date_gmt":"2025-04-10T03:44:58","guid":{"rendered":"https:\/\/ledscreenfactory.com\/?page_id=25397"},"modified":"2026-03-11T09:17:37","modified_gmt":"2026-03-11T09:17:37","slug":"960960mm-serie-ausenwerbebildschirm-2025","status":"publish","type":"page","link":"https:\/\/ledscreenfactory.com\/de\/960960mm-serie-ausenwerbebildschirm-2025\/","title":{"rendered":"960*960mm Serie Au\u00dfenwerbebildschirm - 2025"},"content":{"rendered":"<p>Einfache Wartung und vollst\u00e4ndige Reparatur der Frontpartie<\/p>\n<p>Mit diesen Displays wird die Reparatur oder der Austausch von Panels zum Kinderspiel. Ob die Wartung von vorne oder hinten erfolgt, jedes LED-Modul l\u00e4sst sich mit dem mitgelieferten Magnetwerkzeug einfach und ohne Verkabelung entnehmen und austauschen, was den Vorgang erheblich vereinfacht. Die Einf\u00fchrung des elektrischen Vakuum-Saugwerkzeugs optimiert die Wartung von vorne zus\u00e4tzlich. Dank des im laufenden Betrieb austauschbaren LED-Moduls an der Vorderseite k\u00f6nnen Benutzer defekte Teile problemlos ersetzen, ohne das gesamte Display ausbauen zu m\u00fcssen. Mit diesen Werkzeugen kann jeder die Reparaturarbeiten problemlos durchf\u00fchren und so die Wartungseffizienz und den Komfort steigern.<\/p>","protected":false},"excerpt":{"rendered":"<p>Einfache Wartung und vollst\u00e4ndige Reparatur von vorne: Mit diesen Displays wird die Reparatur oder der Austausch des Panels zum Kinderspiel. Ob die Wartung von vorne oder hinten erfolgt, [\u2026]<\/p>","protected":false},"author":1,"featured_media":0,"parent":19334,"menu_order":0,"comment_status":"closed","ping_status":"closed","template":"product-category3.php","meta":{"_acf_changed":false,"om_disable_all_campaigns":false,"_uf_show_specific_survey":0,"_uf_disable_surveys":false,"site-sidebar-layout":"no-sidebar","site-content-layout":"page-builder","ast-site-content-layout":"full-width-container","site-content-style":"unboxed","site-sidebar-style":"unboxed","ast-global-header-display":"","ast-banner-title-visibility":"","ast-main-header-display":"","ast-hfb-above-header-display":"","ast-hfb-below-header-display":"","ast-hfb-mobile-header-display":"","site-post-title":"disabled","ast-breadcrumbs-content":"","ast-featured-img":"disabled","footer-sml-layout":"","ast-disable-related-posts":"","theme-transparent-header-meta":"default","adv-header-id-meta":"","stick-header-meta":"default","header-above-stick-meta":"","header-main-stick-meta":"","header-below-stick-meta":"","astra-migrate-meta-layouts":"set","ast-page-background-enabled":"default","ast-page-background-meta":{"desktop":{"background-color":"","background-image":"","background-repeat":"repeat","background-position":"center center","background-size":"auto","background-attachment":"scroll","background-type":"","background-media":"","overlay-type":"","overlay-color":"","overlay-opacity":"","overlay-gradient":""},"tablet":{"background-color":"","background-image":"","background-repeat":"repeat","background-position":"center center","background-size":"auto","background-attachment":"scroll","background-type":"","background-media":"","overlay-type":"","overlay-color":"","overlay-opacity":"","overlay-gradient":""},"mobile":{"background-color":"","background-image":"","background-repeat":"repeat","background-position":"center center","background-size":"auto","background-attachment":"scroll","background-type":"","background-media":"","overlay-type":"","overlay-color":"","overlay-opacity":"","overlay-gradient":""}},"ast-content-background-meta":{"desktop":{"background-color":"var(--ast-global-color-5)","background-image":"","background-repeat":"repeat","background-position":"center center","background-size":"auto","background-attachment":"scroll","background-type":"","background-media":"","overlay-type":"","overlay-color":"","overlay-opacity":"","overlay-gradient":""},"tablet":{"background-color":"var(--ast-global-color-5)","background-image":"","background-repeat":"repeat","background-position":"center center","background-size":"auto","background-attachment":"scroll","background-type":"","background-media":"","overlay-type":"","overlay-color":"","overlay-opacity":"","overlay-gradient":""},"mobile":{"background-color":"var(--ast-global-color-5)","background-image":"","background-repeat":"repeat","background-position":"center center","background-size":"auto","background-attachment":"scroll","background-type":"","background-media":"","overlay-type":"","overlay-color":"","overlay-opacity":"","overlay-gradient":""}},"footnotes":""},"class_list":["post-25397","page","type-page","status-publish","hentry"],"acf":[],"yoast_head":"<!-- This site is optimized with the Yoast SEO plugin v27.4 - https:\/\/yoast.com\/product\/yoast-seo-wordpress\/ -->\n<title>960*960mm Series Waterproof Outdoor Advertising Screen- 2025<\/title>\n<meta name=\"description\" content=\"Various Sizes Outdoor LED Billboard for Advertising Solutions! Check out our screen for high-quality choices to elevate your advertising game.\" \/>\n<meta name=\"robots\" content=\"index, follow, max-snippet:-1, max-image-preview:large, max-video-preview:-1\" \/>\n<link rel=\"canonical\" href=\"https:\/\/ledscreenfactory.com\/de\/960960mm-serie-ausenwerbebildschirm-2025\/\" \/>\n<meta property=\"og:locale\" content=\"de_DE\" \/>\n<meta property=\"og:type\" content=\"article\" \/>\n<meta property=\"og:title\" content=\"960*960mm Series Waterproof Outdoor Advertising Screen- 2025\" \/>\n<meta property=\"og:description\" content=\"Various Sizes Outdoor LED Billboard for Advertising Solutions! Check out our screen for high-quality choices to elevate your advertising game.\" \/>\n<meta property=\"og:url\" content=\"https:\/\/ledscreenfactory.com\/de\/960960mm-serie-ausenwerbebildschirm-2025\/\" \/>\n<meta property=\"og:site_name\" content=\"LEGIDATECH\" \/>\n<meta property=\"article:modified_time\" content=\"2026-03-11T09:17:37+00:00\" \/>\n<meta name=\"twitter:card\" content=\"summary_large_image\" \/>\n<meta name=\"twitter:label1\" content=\"Gesch\u00e4tzte Lesezeit\" \/>\n\t<meta name=\"twitter:data1\" content=\"1\u00a0Minute\" \/>\n<script type=\"application\/ld+json\" class=\"yoast-schema-graph\">{\"@context\":\"https:\\\/\\\/schema.org\",\"@graph\":[{\"@type\":\"WebPage\",\"@id\":\"https:\\\/\\\/ledscreenfactory.com\\\/960960mm-series-outdoor-advertising-screen-2025\\\/\",\"url\":\"https:\\\/\\\/ledscreenfactory.com\\\/960960mm-series-outdoor-advertising-screen-2025\\\/\",\"name\":\"960*960mm Series Waterproof Outdoor Advertising Screen- 2025\",\"isPartOf\":{\"@id\":\"https:\\\/\\\/ledscreenfactory.com\\\/es\\\/#website\"},\"datePublished\":\"2025-04-10T03:44:58+00:00\",\"dateModified\":\"2026-03-11T09:17:37+00:00\",\"description\":\"Various Sizes Outdoor LED Billboard for Advertising Solutions! Check out our screen for high-quality choices to elevate your advertising game.\",\"breadcrumb\":{\"@id\":\"https:\\\/\\\/ledscreenfactory.com\\\/960960mm-series-outdoor-advertising-screen-2025\\\/#breadcrumb\"},\"inLanguage\":\"de\",\"potentialAction\":[{\"@type\":\"ReadAction\",\"target\":[\"https:\\\/\\\/ledscreenfactory.com\\\/960960mm-series-outdoor-advertising-screen-2025\\\/\"]}]},{\"@type\":\"BreadcrumbList\",\"@id\":\"https:\\\/\\\/ledscreenfactory.com\\\/960960mm-series-outdoor-advertising-screen-2025\\\/#breadcrumb\",\"itemListElement\":[{\"@type\":\"ListItem\",\"position\":1,\"name\":\"Home\",\"item\":\"https:\\\/\\\/ledscreenfactory.com\\\/\"},{\"@type\":\"ListItem\",\"position\":2,\"name\":\"Products\",\"item\":\"https:\\\/\\\/ledscreenfactory.com\\\/de\\\/products\\\/\"},{\"@type\":\"ListItem\",\"position\":3,\"name\":\"Outdoor Commercial LED Screen\",\"item\":\"https:\\\/\\\/ledscreenfactory.com\\\/outdoor-digital-sign\\\/\"},{\"@type\":\"ListItem\",\"position\":4,\"name\":\"960*960mm Series Outdoor Advertising Screen- 2025\"}]},{\"@type\":\"WebSite\",\"@id\":\"https:\\\/\\\/ledscreenfactory.com\\\/es\\\/#website\",\"url\":\"https:\\\/\\\/ledscreenfactory.com\\\/es\\\/\",\"name\":\"LEGIDATECH\",\"description\":\"\",\"publisher\":{\"@id\":\"https:\\\/\\\/ledscreenfactory.com\\\/es\\\/#organization\"},\"potentialAction\":[{\"@type\":\"SearchAction\",\"target\":{\"@type\":\"EntryPoint\",\"urlTemplate\":\"https:\\\/\\\/ledscreenfactory.com\\\/es\\\/?s={search_term_string}\"},\"query-input\":{\"@type\":\"PropertyValueSpecification\",\"valueRequired\":true,\"valueName\":\"search_term_string\"}}],\"inLanguage\":\"de\"},{\"@type\":\"Organization\",\"@id\":\"https:\\\/\\\/ledscreenfactory.com\\\/es\\\/#organization\",\"name\":\"LEGIDATECH\",\"url\":\"https:\\\/\\\/ledscreenfactory.com\\\/es\\\/\",\"logo\":{\"@type\":\"ImageObject\",\"inLanguage\":\"de\",\"@id\":\"https:\\\/\\\/ledscreenfactory.com\\\/es\\\/#\\\/schema\\\/logo\\\/image\\\/\",\"url\":\"https:\\\/\\\/ledscreenfactory.com\\\/wp-content\\\/uploads\\\/2023\\\/08\\\/cropped-legidatech--scaled.png\",\"contentUrl\":\"https:\\\/\\\/ledscreenfactory.com\\\/wp-content\\\/uploads\\\/2023\\\/08\\\/cropped-legidatech--scaled.png\",\"width\":2560,\"height\":551,\"caption\":\"LEGIDATECH\"},\"image\":{\"@id\":\"https:\\\/\\\/ledscreenfactory.com\\\/es\\\/#\\\/schema\\\/logo\\\/image\\\/\"}}]}<\/script>\n<!-- \/ Yoast SEO plugin. -->","yoast_head_json":{"title":"960*960mm Serie Wasserdichter Au\u00dfenwerbebildschirm - 2025","description":"LED-Werbetafeln in verschiedenen Gr\u00f6\u00dfen f\u00fcr den Au\u00dfenbereich \u2013 Ihre Werbel\u00f6sung! Entdecken Sie unsere hochwertigen Bildschirme und optimieren Sie Ihre Werbestrategie.","robots":{"index":"index","follow":"follow","max-snippet":"max-snippet:-1","max-image-preview":"max-image-preview:large","max-video-preview":"max-video-preview:-1"},"canonical":"https:\/\/ledscreenfactory.com\/de\/960960mm-serie-ausenwerbebildschirm-2025\/","og_locale":"de_DE","og_type":"article","og_title":"960*960mm Series Waterproof Outdoor Advertising Screen- 2025","og_description":"Various Sizes Outdoor LED Billboard for Advertising Solutions! Check out our screen for high-quality choices to elevate your advertising game.","og_url":"https:\/\/ledscreenfactory.com\/de\/960960mm-serie-ausenwerbebildschirm-2025\/","og_site_name":"LEGIDATECH","article_modified_time":"2026-03-11T09:17:37+00:00","twitter_card":"summary_large_image","twitter_misc":{"Gesch\u00e4tzte Lesezeit":"1\u00a0Minute"},"schema":{"@context":"https:\/\/schema.org","@graph":[{"@type":"WebPage","@id":"https:\/\/ledscreenfactory.com\/960960mm-series-outdoor-advertising-screen-2025\/","url":"https:\/\/ledscreenfactory.com\/960960mm-series-outdoor-advertising-screen-2025\/","name":"960*960mm Serie Wasserdichter Au\u00dfenwerbebildschirm - 2025","isPartOf":{"@id":"https:\/\/ledscreenfactory.com\/es\/#website"},"datePublished":"2025-04-10T03:44:58+00:00","dateModified":"2026-03-11T09:17:37+00:00","description":"LED-Werbetafeln in verschiedenen Gr\u00f6\u00dfen f\u00fcr den Au\u00dfenbereich \u2013 Ihre Werbel\u00f6sung! Entdecken Sie unsere hochwertigen Bildschirme und optimieren Sie Ihre Werbestrategie.","breadcrumb":{"@id":"https:\/\/ledscreenfactory.com\/960960mm-series-outdoor-advertising-screen-2025\/#breadcrumb"},"inLanguage":"de","potentialAction":[{"@type":"ReadAction","target":["https:\/\/ledscreenfactory.com\/960960mm-series-outdoor-advertising-screen-2025\/"]}]},{"@type":"BreadcrumbList","@id":"https:\/\/ledscreenfactory.com\/960960mm-series-outdoor-advertising-screen-2025\/#breadcrumb","itemListElement":[{"@type":"ListItem","position":1,"name":"Home","item":"https:\/\/ledscreenfactory.com\/"},{"@type":"ListItem","position":2,"name":"Products","item":"https:\/\/ledscreenfactory.com\/de\/products\/"},{"@type":"ListItem","position":3,"name":"Outdoor Commercial LED Screen","item":"https:\/\/ledscreenfactory.com\/outdoor-digital-sign\/"},{"@type":"ListItem","position":4,"name":"960*960mm Series Outdoor Advertising Screen- 2025"}]},{"@type":"WebSite","@id":"https:\/\/ledscreenfactory.com\/es\/#website","url":"https:\/\/ledscreenfactory.com\/es\/","name":"LEGIDATECH","description":"","publisher":{"@id":"https:\/\/ledscreenfactory.com\/es\/#organization"},"potentialAction":[{"@type":"SearchAction","target":{"@type":"EntryPoint","urlTemplate":"https:\/\/ledscreenfactory.com\/es\/?s={search_term_string}"},"query-input":{"@type":"PropertyValueSpecification","valueRequired":true,"valueName":"search_term_string"}}],"inLanguage":"de"},{"@type":"Organization","@id":"https:\/\/ledscreenfactory.com\/es\/#organization","name":"LEGIDATECH","url":"https:\/\/ledscreenfactory.com\/es\/","logo":{"@type":"ImageObject","inLanguage":"de","@id":"https:\/\/ledscreenfactory.com\/es\/#\/schema\/logo\/image\/","url":"https:\/\/ledscreenfactory.com\/wp-content\/uploads\/2023\/08\/cropped-legidatech--scaled.png","contentUrl":"https:\/\/ledscreenfactory.com\/wp-content\/uploads\/2023\/08\/cropped-legidatech--scaled.png","width":2560,"height":551,"caption":"LEGIDATECH"},"image":{"@id":"https:\/\/ledscreenfactory.com\/es\/#\/schema\/logo\/image\/"}}]}},"_links":{"self":[{"href":"https:\/\/ledscreenfactory.com\/de\/wp-json\/wp\/v2\/pages\/25397","targetHints":{"allow":["GET"]}}],"collection":[{"href":"https:\/\/ledscreenfactory.com\/de\/wp-json\/wp\/v2\/pages"}],"about":[{"href":"https:\/\/ledscreenfactory.com\/de\/wp-json\/wp\/v2\/types\/page"}],"author":[{"embeddable":true,"href":"https:\/\/ledscreenfactory.com\/de\/wp-json\/wp\/v2\/users\/1"}],"replies":[{"embeddable":true,"href":"https:\/\/ledscreenfactory.com\/de\/wp-json\/wp\/v2\/comments?post=25397"}],"version-history":[{"count":44,"href":"https:\/\/ledscreenfactory.com\/de\/wp-json\/wp\/v2\/pages\/25397\/revisions"}],"predecessor-version":[{"id":25911,"href":"https:\/\/ledscreenfactory.com\/de\/wp-json\/wp\/v2\/pages\/25397\/revisions\/25911"}],"up":[{"embeddable":true,"href":"https:\/\/ledscreenfactory.com\/de\/wp-json\/wp\/v2\/pages\/19334"}],"wp:attachment":[{"href":"https:\/\/ledscreenfactory.com\/de\/wp-json\/wp\/v2\/media?parent=25397"}],"curies":[{"name":"wp","href":"https:\/\/api.w.org\/{rel}","templated":true}]}}