{"id":12901,"date":"2023-07-27T07:23:40","date_gmt":"2023-07-27T07:23:40","guid":{"rendered":"http:\/\/ledscreenfactory.com\/?page_id=12901"},"modified":"2025-12-24T03:43:21","modified_gmt":"2025-12-24T03:43:21","slug":"led-post-display","status":"publish","type":"page","link":"https:\/\/ledscreenfactory.com\/de\/led-posteranzeige\/","title":{"rendered":"LED-Posteranzeige"},"content":{"rendered":"","protected":false},"excerpt":{"rendered":"","protected":false},"author":1,"featured_media":0,"parent":16443,"menu_order":0,"comment_status":"closed","ping_status":"closed","template":"product-details7.php","meta":{"_acf_changed":false,"om_disable_all_campaigns":false,"_uf_show_specific_survey":0,"_uf_disable_surveys":false,"site-sidebar-layout":"no-sidebar","site-content-layout":"page-builder","ast-site-content-layout":"full-width-container","site-content-style":"unboxed","site-sidebar-style":"unboxed","ast-global-header-display":"","ast-banner-title-visibility":"","ast-main-header-display":"","ast-hfb-above-header-display":"","ast-hfb-below-header-display":"","ast-hfb-mobile-header-display":"","site-post-title":"disabled","ast-breadcrumbs-content":"disabled","ast-featured-img":"disabled","footer-sml-layout":"","ast-disable-related-posts":"","theme-transparent-header-meta":"default","adv-header-id-meta":"","stick-header-meta":"default","header-above-stick-meta":"","header-main-stick-meta":"","header-below-stick-meta":"","astra-migrate-meta-layouts":"set","ast-page-background-enabled":"default","ast-page-background-meta":{"desktop":{"background-color":"","background-image":"","background-repeat":"repeat","background-position":"center center","background-size":"auto","background-attachment":"scroll","background-type":"","background-media":"","overlay-type":"","overlay-color":"","overlay-opacity":"","overlay-gradient":""},"tablet":{"background-color":"","background-image":"","background-repeat":"repeat","background-position":"center center","background-size":"auto","background-attachment":"scroll","background-type":"","background-media":"","overlay-type":"","overlay-color":"","overlay-opacity":"","overlay-gradient":""},"mobile":{"background-color":"","background-image":"","background-repeat":"repeat","background-position":"center center","background-size":"auto","background-attachment":"scroll","background-type":"","background-media":"","overlay-type":"","overlay-color":"","overlay-opacity":"","overlay-gradient":""}},"ast-content-background-meta":{"desktop":{"background-color":"var(--ast-global-color-5)","background-image":"","background-repeat":"repeat","background-position":"center center","background-size":"auto","background-attachment":"scroll","background-type":"","background-media":"","overlay-type":"","overlay-color":"","overlay-opacity":"","overlay-gradient":""},"tablet":{"background-color":"var(--ast-global-color-5)","background-image":"","background-repeat":"repeat","background-position":"center center","background-size":"auto","background-attachment":"scroll","background-type":"","background-media":"","overlay-type":"","overlay-color":"","overlay-opacity":"","overlay-gradient":""},"mobile":{"background-color":"var(--ast-global-color-5)","background-image":"","background-repeat":"repeat","background-position":"center center","background-size":"auto","background-attachment":"scroll","background-type":"","background-media":"","overlay-type":"","overlay-color":"","overlay-opacity":"","overlay-gradient":""}},"footnotes":""},"class_list":["post-12901","page","type-page","status-publish","hentry"],"acf":[],"yoast_head":"<!-- This site is optimized with the Yoast SEO plugin v26.6 - https:\/\/yoast.com\/wordpress\/plugins\/seo\/ -->\n<title>Poster LED Display - LEGIDATECH<\/title>\n<meta name=\"description\" content=\"Poster LED Display hanging wall, diagonal brace, base a variety of installation methods. The screen can be spliced freely, and the content can be changed through Wifi, USB, PC, mobile phone and other ways. One screen multi-purpose, no installation, easy to shift. Wall hanging, diagonal support, base installation methods.\" \/>\n<meta name=\"robots\" content=\"index, follow, max-snippet:-1, max-image-preview:large, max-video-preview:-1\" \/>\n<link rel=\"canonical\" href=\"https:\/\/ledscreenfactory.com\/de\/led-posteranzeige\/\" \/>\n<meta property=\"og:locale\" content=\"de_DE\" \/>\n<meta property=\"og:type\" content=\"article\" \/>\n<meta property=\"og:title\" content=\"Poster LED Display - LEGIDATECH\" \/>\n<meta property=\"og:description\" content=\"Poster LED Display hanging wall, diagonal brace, base a variety of installation methods. The screen can be spliced freely, and the content can be changed through Wifi, USB, PC, mobile phone and other ways. One screen multi-purpose, no installation, easy to shift. Wall hanging, diagonal support, base installation methods.\" \/>\n<meta property=\"og:url\" content=\"https:\/\/ledscreenfactory.com\/de\/led-posteranzeige\/\" \/>\n<meta property=\"og:site_name\" content=\"LEGIDATECH\" \/>\n<meta property=\"article:modified_time\" content=\"2025-12-24T03:43:21+00:00\" \/>\n<meta name=\"twitter:card\" content=\"summary_large_image\" \/>\n<script type=\"application\/ld+json\" class=\"yoast-schema-graph\">{\"@context\":\"https:\/\/schema.org\",\"@graph\":[{\"@type\":\"WebPage\",\"@id\":\"https:\/\/ledscreenfactory.com\/led-poster-display\/\",\"url\":\"https:\/\/ledscreenfactory.com\/led-poster-display\/\",\"name\":\"Poster LED Display - LEGIDATECH\",\"isPartOf\":{\"@id\":\"https:\/\/ledscreenfactory.com\/es\/#website\"},\"datePublished\":\"2023-07-27T07:23:40+00:00\",\"dateModified\":\"2025-12-24T03:43:21+00:00\",\"description\":\"Poster LED Display hanging wall, diagonal brace, base a variety of installation methods. The screen can be spliced freely, and the content can be changed through Wifi, USB, PC, mobile phone and other ways. One screen multi-purpose, no installation, easy to shift. Wall hanging, diagonal support, base installation methods.\",\"breadcrumb\":{\"@id\":\"https:\/\/ledscreenfactory.com\/led-poster-display\/#breadcrumb\"},\"inLanguage\":\"de\",\"potentialAction\":[{\"@type\":\"ReadAction\",\"target\":[\"https:\/\/ledscreenfactory.com\/led-poster-display\/\"]}]},{\"@type\":\"BreadcrumbList\",\"@id\":\"https:\/\/ledscreenfactory.com\/led-poster-display\/#breadcrumb\",\"itemListElement\":[{\"@type\":\"ListItem\",\"position\":1,\"name\":\"Home\",\"item\":\"https:\/\/ledscreenfactory.com\/\"},{\"@type\":\"ListItem\",\"position\":2,\"name\":\"Products\",\"item\":\"https:\/\/ledscreenfactory.com\/de\/products\/\"},{\"@type\":\"ListItem\",\"position\":3,\"name\":\"LED Poster\",\"item\":\"https:\/\/ledscreenfactory.com\/led-poster\/\"},{\"@type\":\"ListItem\",\"position\":4,\"name\":\"Poster LED Display\"}]},{\"@type\":\"WebSite\",\"@id\":\"https:\/\/ledscreenfactory.com\/es\/#website\",\"url\":\"https:\/\/ledscreenfactory.com\/es\/\",\"name\":\"LEGIDATECH\",\"description\":\"\",\"publisher\":{\"@id\":\"https:\/\/ledscreenfactory.com\/es\/#organization\"},\"potentialAction\":[{\"@type\":\"SearchAction\",\"target\":{\"@type\":\"EntryPoint\",\"urlTemplate\":\"https:\/\/ledscreenfactory.com\/es\/?s={search_term_string}\"},\"query-input\":{\"@type\":\"PropertyValueSpecification\",\"valueRequired\":true,\"valueName\":\"search_term_string\"}}],\"inLanguage\":\"de\"},{\"@type\":\"Organization\",\"@id\":\"https:\/\/ledscreenfactory.com\/es\/#organization\",\"name\":\"LEGIDATECH\",\"url\":\"https:\/\/ledscreenfactory.com\/es\/\",\"logo\":{\"@type\":\"ImageObject\",\"inLanguage\":\"de\",\"@id\":\"https:\/\/ledscreenfactory.com\/es\/#\/schema\/logo\/image\/\",\"url\":\"https:\/\/ledscreenfactory.com\/wp-content\/uploads\/2023\/08\/cropped-legidatech--scaled.png\",\"contentUrl\":\"https:\/\/ledscreenfactory.com\/wp-content\/uploads\/2023\/08\/cropped-legidatech--scaled.png\",\"width\":2560,\"height\":551,\"caption\":\"LEGIDATECH\"},\"image\":{\"@id\":\"https:\/\/ledscreenfactory.com\/es\/#\/schema\/logo\/image\/\"}}]}<\/script>\n<!-- \/ Yoast SEO plugin. -->","yoast_head_json":{"title":"LED-Posterdisplay \u2013 LEGIDATECH","description":"LED-Posterdisplays bieten vielf\u00e4ltige Installationsm\u00f6glichkeiten: Wandmontage, Diagonalhalterung, Standfu\u00df. Die Bildschirme lassen sich beliebig kombinieren, und die Inhalte k\u00f6nnen per WLAN, USB, PC, Mobiltelefon und anderen Methoden ge\u00e4ndert werden. Ein Bildschirm f\u00fcr verschiedene Zwecke, keine Installation erforderlich, einfach zu versetzen. Montagem\u00f6glichkeiten: Wandmontage, Diagonalhalterung, Standfu\u00df.","robots":{"index":"index","follow":"follow","max-snippet":"max-snippet:-1","max-image-preview":"max-image-preview:large","max-video-preview":"max-video-preview:-1"},"canonical":"https:\/\/ledscreenfactory.com\/de\/led-posteranzeige\/","og_locale":"de_DE","og_type":"article","og_title":"Poster LED Display - LEGIDATECH","og_description":"Poster LED Display hanging wall, diagonal brace, base a variety of installation methods. The screen can be spliced freely, and the content can be changed through Wifi, USB, PC, mobile phone and other ways. One screen multi-purpose, no installation, easy to shift. Wall hanging, diagonal support, base installation methods.","og_url":"https:\/\/ledscreenfactory.com\/de\/led-posteranzeige\/","og_site_name":"LEGIDATECH","article_modified_time":"2025-12-24T03:43:21+00:00","twitter_card":"summary_large_image","schema":{"@context":"https:\/\/schema.org","@graph":[{"@type":"WebPage","@id":"https:\/\/ledscreenfactory.com\/led-poster-display\/","url":"https:\/\/ledscreenfactory.com\/led-poster-display\/","name":"LED-Posterdisplay \u2013 LEGIDATECH","isPartOf":{"@id":"https:\/\/ledscreenfactory.com\/es\/#website"},"datePublished":"2023-07-27T07:23:40+00:00","dateModified":"2025-12-24T03:43:21+00:00","description":"LED-Posterdisplays bieten vielf\u00e4ltige Installationsm\u00f6glichkeiten: Wandmontage, Diagonalhalterung, Standfu\u00df. Die Bildschirme lassen sich beliebig kombinieren, und die Inhalte k\u00f6nnen per WLAN, USB, PC, Mobiltelefon und anderen Methoden ge\u00e4ndert werden. Ein Bildschirm f\u00fcr verschiedene Zwecke, keine Installation erforderlich, einfach zu versetzen. Montagem\u00f6glichkeiten: Wandmontage, Diagonalhalterung, Standfu\u00df.","breadcrumb":{"@id":"https:\/\/ledscreenfactory.com\/led-poster-display\/#breadcrumb"},"inLanguage":"de","potentialAction":[{"@type":"ReadAction","target":["https:\/\/ledscreenfactory.com\/led-poster-display\/"]}]},{"@type":"BreadcrumbList","@id":"https:\/\/ledscreenfactory.com\/led-poster-display\/#breadcrumb","itemListElement":[{"@type":"ListItem","position":1,"name":"Home","item":"https:\/\/ledscreenfactory.com\/"},{"@type":"ListItem","position":2,"name":"Products","item":"https:\/\/ledscreenfactory.com\/de\/products\/"},{"@type":"ListItem","position":3,"name":"LED Poster","item":"https:\/\/ledscreenfactory.com\/led-poster\/"},{"@type":"ListItem","position":4,"name":"Poster LED Display"}]},{"@type":"WebSite","@id":"https:\/\/ledscreenfactory.com\/es\/#website","url":"https:\/\/ledscreenfactory.com\/es\/","name":"LEGIDATECH","description":"","publisher":{"@id":"https:\/\/ledscreenfactory.com\/es\/#organization"},"potentialAction":[{"@type":"SearchAction","target":{"@type":"EntryPoint","urlTemplate":"https:\/\/ledscreenfactory.com\/es\/?s={search_term_string}"},"query-input":{"@type":"PropertyValueSpecification","valueRequired":true,"valueName":"search_term_string"}}],"inLanguage":"de"},{"@type":"Organization","@id":"https:\/\/ledscreenfactory.com\/es\/#organization","name":"LEGIDATECH","url":"https:\/\/ledscreenfactory.com\/es\/","logo":{"@type":"ImageObject","inLanguage":"de","@id":"https:\/\/ledscreenfactory.com\/es\/#\/schema\/logo\/image\/","url":"https:\/\/ledscreenfactory.com\/wp-content\/uploads\/2023\/08\/cropped-legidatech--scaled.png","contentUrl":"https:\/\/ledscreenfactory.com\/wp-content\/uploads\/2023\/08\/cropped-legidatech--scaled.png","width":2560,"height":551,"caption":"LEGIDATECH"},"image":{"@id":"https:\/\/ledscreenfactory.com\/es\/#\/schema\/logo\/image\/"}}]}},"_links":{"self":[{"href":"https:\/\/ledscreenfactory.com\/de\/wp-json\/wp\/v2\/pages\/12901","targetHints":{"allow":["GET"]}}],"collection":[{"href":"https:\/\/ledscreenfactory.com\/de\/wp-json\/wp\/v2\/pages"}],"about":[{"href":"https:\/\/ledscreenfactory.com\/de\/wp-json\/wp\/v2\/types\/page"}],"author":[{"embeddable":true,"href":"https:\/\/ledscreenfactory.com\/de\/wp-json\/wp\/v2\/users\/1"}],"replies":[{"embeddable":true,"href":"https:\/\/ledscreenfactory.com\/de\/wp-json\/wp\/v2\/comments?post=12901"}],"version-history":[{"count":55,"href":"https:\/\/ledscreenfactory.com\/de\/wp-json\/wp\/v2\/pages\/12901\/revisions"}],"predecessor-version":[{"id":27946,"href":"https:\/\/ledscreenfactory.com\/de\/wp-json\/wp\/v2\/pages\/12901\/revisions\/27946"}],"up":[{"embeddable":true,"href":"https:\/\/ledscreenfactory.com\/de\/wp-json\/wp\/v2\/pages\/16443"}],"wp:attachment":[{"href":"https:\/\/ledscreenfactory.com\/de\/wp-json\/wp\/v2\/media?parent=12901"}],"curies":[{"name":"wp","href":"https:\/\/api.w.org\/{rel}","templated":true}]}}