{"id":12313,"date":"2023-06-30T05:06:15","date_gmt":"2023-06-30T05:06:15","guid":{"rendered":"http:\/\/ledscreenfactory.com\/?page_id=12313"},"modified":"2025-11-21T09:13:46","modified_gmt":"2025-11-21T09:13:46","slug":"led-screen-for-smart-city","status":"publish","type":"page","link":"https:\/\/ledscreenfactory.com\/de\/led-bildschirm-smart-city\/","title":{"rendered":"LED-Bildschirm f\u00fcr Smart City"},"content":{"rendered":"","protected":false},"excerpt":{"rendered":"","protected":false},"author":1,"featured_media":0,"parent":14846,"menu_order":0,"comment_status":"closed","ping_status":"closed","template":"product-category3.php","meta":{"_acf_changed":false,"om_disable_all_campaigns":false,"_uf_show_specific_survey":0,"_uf_disable_surveys":false,"site-sidebar-layout":"no-sidebar","site-content-layout":"page-builder","ast-site-content-layout":"full-width-container","site-content-style":"unboxed","site-sidebar-style":"unboxed","ast-global-header-display":"","ast-banner-title-visibility":"","ast-main-header-display":"","ast-hfb-above-header-display":"","ast-hfb-below-header-display":"","ast-hfb-mobile-header-display":"","site-post-title":"disabled","ast-breadcrumbs-content":"","ast-featured-img":"disabled","footer-sml-layout":"","ast-disable-related-posts":"","theme-transparent-header-meta":"default","adv-header-id-meta":"","stick-header-meta":"default","header-above-stick-meta":"","header-main-stick-meta":"","header-below-stick-meta":"","astra-migrate-meta-layouts":"set","ast-page-background-enabled":"default","ast-page-background-meta":{"desktop":{"background-color":"","background-image":"","background-repeat":"repeat","background-position":"center center","background-size":"auto","background-attachment":"scroll","background-type":"","background-media":"","overlay-type":"","overlay-color":"","overlay-opacity":"","overlay-gradient":""},"tablet":{"background-color":"","background-image":"","background-repeat":"repeat","background-position":"center center","background-size":"auto","background-attachment":"scroll","background-type":"","background-media":"","overlay-type":"","overlay-color":"","overlay-opacity":"","overlay-gradient":""},"mobile":{"background-color":"","background-image":"","background-repeat":"repeat","background-position":"center center","background-size":"auto","background-attachment":"scroll","background-type":"","background-media":"","overlay-type":"","overlay-color":"","overlay-opacity":"","overlay-gradient":""}},"ast-content-background-meta":{"desktop":{"background-color":"var(--ast-global-color-5)","background-image":"","background-repeat":"repeat","background-position":"center center","background-size":"auto","background-attachment":"scroll","background-type":"","background-media":"","overlay-type":"","overlay-color":"","overlay-opacity":"","overlay-gradient":""},"tablet":{"background-color":"var(--ast-global-color-5)","background-image":"","background-repeat":"repeat","background-position":"center center","background-size":"auto","background-attachment":"scroll","background-type":"","background-media":"","overlay-type":"","overlay-color":"","overlay-opacity":"","overlay-gradient":""},"mobile":{"background-color":"var(--ast-global-color-5)","background-image":"","background-repeat":"repeat","background-position":"center center","background-size":"auto","background-attachment":"scroll","background-type":"","background-media":"","overlay-type":"","overlay-color":"","overlay-opacity":"","overlay-gradient":""}},"footnotes":""},"class_list":["post-12313","page","type-page","status-publish","hentry"],"acf":[],"yoast_head":"<!-- This site is optimized with the Yoast SEO plugin v26.6 - https:\/\/yoast.com\/wordpress\/plugins\/seo\/ -->\n<title>LED Screen for Smart City- LEGIDATECH<\/title>\n<meta name=\"description\" content=\"There are many types of smart city LED screens, such as traffic control screens, indoor monitoring screens, outdoor advertising screens, etc., which can help people live better lives and improve the appearance of the city.\" \/>\n<meta name=\"robots\" content=\"index, follow, max-snippet:-1, max-image-preview:large, max-video-preview:-1\" \/>\n<link rel=\"canonical\" href=\"https:\/\/ledscreenfactory.com\/de\/led-bildschirm-smart-city\/\" \/>\n<meta property=\"og:locale\" content=\"de_DE\" \/>\n<meta property=\"og:type\" content=\"article\" \/>\n<meta property=\"og:title\" content=\"LED Screen for Smart City- LEGIDATECH\" \/>\n<meta property=\"og:description\" content=\"There are many types of smart city LED screens, such as traffic control screens, indoor monitoring screens, outdoor advertising screens, etc., which can help people live better lives and improve the appearance of the city.\" \/>\n<meta property=\"og:url\" content=\"https:\/\/ledscreenfactory.com\/de\/led-bildschirm-smart-city\/\" \/>\n<meta property=\"og:site_name\" content=\"LEGIDATECH\" \/>\n<meta property=\"article:modified_time\" content=\"2025-11-21T09:13:46+00:00\" \/>\n<meta name=\"twitter:card\" content=\"summary_large_image\" \/>\n<script type=\"application\/ld+json\" class=\"yoast-schema-graph\">{\"@context\":\"https:\/\/schema.org\",\"@graph\":[{\"@type\":\"WebPage\",\"@id\":\"https:\/\/ledscreenfactory.com\/led-screen-smart-city\/\",\"url\":\"https:\/\/ledscreenfactory.com\/led-screen-smart-city\/\",\"name\":\"LED Screen for Smart City- LEGIDATECH\",\"isPartOf\":{\"@id\":\"https:\/\/ledscreenfactory.com\/es\/#website\"},\"datePublished\":\"2023-06-30T05:06:15+00:00\",\"dateModified\":\"2025-11-21T09:13:46+00:00\",\"description\":\"There are many types of smart city LED screens, such as traffic control screens, indoor monitoring screens, outdoor advertising screens, etc., which can help people live better lives and improve the appearance of the city.\",\"breadcrumb\":{\"@id\":\"https:\/\/ledscreenfactory.com\/led-screen-smart-city\/#breadcrumb\"},\"inLanguage\":\"de\",\"potentialAction\":[{\"@type\":\"ReadAction\",\"target\":[\"https:\/\/ledscreenfactory.com\/led-screen-smart-city\/\"]}]},{\"@type\":\"BreadcrumbList\",\"@id\":\"https:\/\/ledscreenfactory.com\/led-screen-smart-city\/#breadcrumb\",\"itemListElement\":[{\"@type\":\"ListItem\",\"position\":1,\"name\":\"Home\",\"item\":\"https:\/\/ledscreenfactory.com\/\"},{\"@type\":\"ListItem\",\"position\":2,\"name\":\"Market Solutions\",\"item\":\"https:\/\/ledscreenfactory.com\/market-solutions\/\"},{\"@type\":\"ListItem\",\"position\":3,\"name\":\"LED Screen for Smart City\"}]},{\"@type\":\"WebSite\",\"@id\":\"https:\/\/ledscreenfactory.com\/es\/#website\",\"url\":\"https:\/\/ledscreenfactory.com\/es\/\",\"name\":\"LEGIDATECH\",\"description\":\"\",\"publisher\":{\"@id\":\"https:\/\/ledscreenfactory.com\/es\/#organization\"},\"potentialAction\":[{\"@type\":\"SearchAction\",\"target\":{\"@type\":\"EntryPoint\",\"urlTemplate\":\"https:\/\/ledscreenfactory.com\/es\/?s={search_term_string}\"},\"query-input\":{\"@type\":\"PropertyValueSpecification\",\"valueRequired\":true,\"valueName\":\"search_term_string\"}}],\"inLanguage\":\"de\"},{\"@type\":\"Organization\",\"@id\":\"https:\/\/ledscreenfactory.com\/es\/#organization\",\"name\":\"LEGIDATECH\",\"url\":\"https:\/\/ledscreenfactory.com\/es\/\",\"logo\":{\"@type\":\"ImageObject\",\"inLanguage\":\"de\",\"@id\":\"https:\/\/ledscreenfactory.com\/es\/#\/schema\/logo\/image\/\",\"url\":\"https:\/\/ledscreenfactory.com\/wp-content\/uploads\/2023\/08\/cropped-legidatech--scaled.png\",\"contentUrl\":\"https:\/\/ledscreenfactory.com\/wp-content\/uploads\/2023\/08\/cropped-legidatech--scaled.png\",\"width\":2560,\"height\":551,\"caption\":\"LEGIDATECH\"},\"image\":{\"@id\":\"https:\/\/ledscreenfactory.com\/es\/#\/schema\/logo\/image\/\"}}]}<\/script>\n<!-- \/ Yoast SEO plugin. -->","yoast_head_json":{"title":"LED-Bildschirm f\u00fcr die Smart City \u2013 LEGIDATECH","description":"Es gibt viele Arten von Smart-City-LED-Bildschirmen, wie z. B. Verkehrsleitbildschirme, Bildschirme zur Innenraum\u00fcberwachung, Werbebildschirme im Au\u00dfenbereich usw., die den Menschen zu einem besseren Leben verhelfen und das Erscheinungsbild der Stadt verbessern k\u00f6nnen.","robots":{"index":"index","follow":"follow","max-snippet":"max-snippet:-1","max-image-preview":"max-image-preview:large","max-video-preview":"max-video-preview:-1"},"canonical":"https:\/\/ledscreenfactory.com\/de\/led-bildschirm-smart-city\/","og_locale":"de_DE","og_type":"article","og_title":"LED Screen for Smart City- LEGIDATECH","og_description":"There are many types of smart city LED screens, such as traffic control screens, indoor monitoring screens, outdoor advertising screens, etc., which can help people live better lives and improve the appearance of the city.","og_url":"https:\/\/ledscreenfactory.com\/de\/led-bildschirm-smart-city\/","og_site_name":"LEGIDATECH","article_modified_time":"2025-11-21T09:13:46+00:00","twitter_card":"summary_large_image","schema":{"@context":"https:\/\/schema.org","@graph":[{"@type":"WebPage","@id":"https:\/\/ledscreenfactory.com\/led-screen-smart-city\/","url":"https:\/\/ledscreenfactory.com\/led-screen-smart-city\/","name":"LED-Bildschirm f\u00fcr die Smart City \u2013 LEGIDATECH","isPartOf":{"@id":"https:\/\/ledscreenfactory.com\/es\/#website"},"datePublished":"2023-06-30T05:06:15+00:00","dateModified":"2025-11-21T09:13:46+00:00","description":"Es gibt viele Arten von Smart-City-LED-Bildschirmen, wie z. B. Verkehrsleitbildschirme, Bildschirme zur Innenraum\u00fcberwachung, Werbebildschirme im Au\u00dfenbereich usw., die den Menschen zu einem besseren Leben verhelfen und das Erscheinungsbild der Stadt verbessern k\u00f6nnen.","breadcrumb":{"@id":"https:\/\/ledscreenfactory.com\/led-screen-smart-city\/#breadcrumb"},"inLanguage":"de","potentialAction":[{"@type":"ReadAction","target":["https:\/\/ledscreenfactory.com\/led-screen-smart-city\/"]}]},{"@type":"BreadcrumbList","@id":"https:\/\/ledscreenfactory.com\/led-screen-smart-city\/#breadcrumb","itemListElement":[{"@type":"ListItem","position":1,"name":"Home","item":"https:\/\/ledscreenfactory.com\/"},{"@type":"ListItem","position":2,"name":"Market Solutions","item":"https:\/\/ledscreenfactory.com\/market-solutions\/"},{"@type":"ListItem","position":3,"name":"LED Screen for Smart City"}]},{"@type":"WebSite","@id":"https:\/\/ledscreenfactory.com\/es\/#website","url":"https:\/\/ledscreenfactory.com\/es\/","name":"LEGIDATECH","description":"","publisher":{"@id":"https:\/\/ledscreenfactory.com\/es\/#organization"},"potentialAction":[{"@type":"SearchAction","target":{"@type":"EntryPoint","urlTemplate":"https:\/\/ledscreenfactory.com\/es\/?s={search_term_string}"},"query-input":{"@type":"PropertyValueSpecification","valueRequired":true,"valueName":"search_term_string"}}],"inLanguage":"de"},{"@type":"Organization","@id":"https:\/\/ledscreenfactory.com\/es\/#organization","name":"LEGIDATECH","url":"https:\/\/ledscreenfactory.com\/es\/","logo":{"@type":"ImageObject","inLanguage":"de","@id":"https:\/\/ledscreenfactory.com\/es\/#\/schema\/logo\/image\/","url":"https:\/\/ledscreenfactory.com\/wp-content\/uploads\/2023\/08\/cropped-legidatech--scaled.png","contentUrl":"https:\/\/ledscreenfactory.com\/wp-content\/uploads\/2023\/08\/cropped-legidatech--scaled.png","width":2560,"height":551,"caption":"LEGIDATECH"},"image":{"@id":"https:\/\/ledscreenfactory.com\/es\/#\/schema\/logo\/image\/"}}]}},"_links":{"self":[{"href":"https:\/\/ledscreenfactory.com\/de\/wp-json\/wp\/v2\/pages\/12313","targetHints":{"allow":["GET"]}}],"collection":[{"href":"https:\/\/ledscreenfactory.com\/de\/wp-json\/wp\/v2\/pages"}],"about":[{"href":"https:\/\/ledscreenfactory.com\/de\/wp-json\/wp\/v2\/types\/page"}],"author":[{"embeddable":true,"href":"https:\/\/ledscreenfactory.com\/de\/wp-json\/wp\/v2\/users\/1"}],"replies":[{"embeddable":true,"href":"https:\/\/ledscreenfactory.com\/de\/wp-json\/wp\/v2\/comments?post=12313"}],"version-history":[{"count":39,"href":"https:\/\/ledscreenfactory.com\/de\/wp-json\/wp\/v2\/pages\/12313\/revisions"}],"predecessor-version":[{"id":15585,"href":"https:\/\/ledscreenfactory.com\/de\/wp-json\/wp\/v2\/pages\/12313\/revisions\/15585"}],"up":[{"embeddable":true,"href":"https:\/\/ledscreenfactory.com\/de\/wp-json\/wp\/v2\/pages\/14846"}],"wp:attachment":[{"href":"https:\/\/ledscreenfactory.com\/de\/wp-json\/wp\/v2\/media?parent=12313"}],"curies":[{"name":"wp","href":"https:\/\/api.w.org\/{rel}","templated":true}]}}